{"id":481,"date":"2015-04-10T11:29:02","date_gmt":"2015-04-10T09:29:02","guid":{"rendered":"https:\/\/rosenborgsse.wpengine.com\/?page_id=481"},"modified":"2015-05-16T14:36:00","modified_gmt":"2015-05-16T12:36:00","slug":"nature-and-guides","status":"publish","type":"page","link":"https:\/\/www.rosenborgs.se\/en\/nature-and-guides\/","title":{"rendered":"Nature and guides"},"content":{"rendered":"<p>Rosenborg is an excellent starting point to explore \u00d6land\u2019s favorite spots from. Rosenborgs Friluftspensionat is located on the island with relative close to most places and from there you can go on really adventurous forest walks, or if you would rather use the footpath. In addition to the iron age Cairn\u201dBogislaus tomb\u201d and Gr\u00e5borg Rosenborg also borders to Vanserum-B\u00e4ck. The Jordtorps\u00e5s and its nature reserve is only a couple of kilometers away!!<\/p>\n","protected":false},"excerpt":{"rendered":"<p>Rosenborg is an excellent starting point to explore \u00d6land\u2019s favorite spots from. Rosenborgs Friluftspensionat is located on the island with relative close to most places and from there you can go on really adventurous forest walks, or if you would rather use the footpath. In addition to the iron age Cairn\u201dBogislaus tomb\u201d and Gr\u00e5borg Rosenborg [&hellip;]<\/p>\n","protected":false},"author":3,"featured_media":203,"parent":0,"menu_order":0,"comment_status":"open","ping_status":"open","template":"","meta":{"_monsterinsights_skip_tracking":false,"_monsterinsights_sitenote_active":false,"_monsterinsights_sitenote_note":"","_monsterinsights_sitenote_category":0,"footnotes":""},"class_list":["post-481","page","type-page","status-publish","has-post-thumbnail","hentry"],"yoast_head":"<!-- This site is optimized with the Yoast SEO plugin v27.5 - https:\/\/yoast.com\/product\/yoast-seo-wordpress\/ -->\n<title>Nature and guides - Rosenborgs Friluftspensionat<\/title>\n<meta name=\"description\" content=\"Rosenborg is an excellent starting point to explore \u00d6land\u2019s favorite spots from. Rosenborgs Friluftspensionat is located on the island with relative close\" \/>\n<meta name=\"robots\" content=\"index, follow, max-snippet:-1, max-image-preview:large, max-video-preview:-1\" \/>\n<link rel=\"canonical\" href=\"https:\/\/www.rosenborgs.se\/en\/nature-and-guides\/\" \/>\n<meta property=\"og:locale\" content=\"en_GB\" \/>\n<meta property=\"og:type\" content=\"article\" \/>\n<meta property=\"og:title\" content=\"Nature and guides - Rosenborgs Friluftspensionat\" \/>\n<meta property=\"og:description\" content=\"Rosenborg is an excellent starting point to explore \u00d6land\u2019s favorite spots from. Rosenborgs Friluftspensionat is located on the island with relative close\" \/>\n<meta property=\"og:url\" content=\"https:\/\/www.rosenborgs.se\/en\/nature-and-guides\/\" \/>\n<meta property=\"og:site_name\" content=\"Rosenborgs Friluftspensionat\" \/>\n<meta property=\"article:modified_time\" content=\"2015-05-16T12:36:00+00:00\" \/>\n<meta property=\"og:image\" content=\"https:\/\/www.rosenborgs.se\/wp-content\/uploads\/2013\/01\/pensionat-blocket-024-e1358614325916.jpg\" \/>\n\t<meta property=\"og:image:width\" content=\"2048\" \/>\n\t<meta property=\"og:image:height\" content=\"537\" \/>\n\t<meta property=\"og:image:type\" content=\"image\/jpeg\" \/>\n<meta name=\"twitter:card\" content=\"summary_large_image\" \/>\n<script type=\"application\/ld+json\" class=\"yoast-schema-graph\">{\"@context\":\"https:\\\/\\\/schema.org\",\"@graph\":[{\"@type\":\"WebPage\",\"@id\":\"https:\\\/\\\/www.rosenborgs.se\\\/en\\\/nature-and-guides\\\/\",\"url\":\"https:\\\/\\\/www.rosenborgs.se\\\/en\\\/nature-and-guides\\\/\",\"name\":\"Nature and guides - Rosenborgs Friluftspensionat\",\"isPartOf\":{\"@id\":\"https:\\\/\\\/www.rosenborgs.se\\\/de\\\/#website\"},\"primaryImageOfPage\":{\"@id\":\"https:\\\/\\\/www.rosenborgs.se\\\/en\\\/nature-and-guides\\\/#primaryimage\"},\"image\":{\"@id\":\"https:\\\/\\\/www.rosenborgs.se\\\/en\\\/nature-and-guides\\\/#primaryimage\"},\"thumbnailUrl\":\"https:\\\/\\\/www.rosenborgs.se\\\/wp-content\\\/uploads\\\/2013\\\/01\\\/pensionat-blocket-024-e1358614325916.jpg\",\"datePublished\":\"2015-04-10T09:29:02+00:00\",\"dateModified\":\"2015-05-16T12:36:00+00:00\",\"description\":\"Rosenborg is an excellent starting point to explore \u00d6land\u2019s favorite spots from. Rosenborgs Friluftspensionat is located on the island with relative close\",\"breadcrumb\":{\"@id\":\"https:\\\/\\\/www.rosenborgs.se\\\/en\\\/nature-and-guides\\\/#breadcrumb\"},\"inLanguage\":\"en-GB\",\"potentialAction\":[{\"@type\":\"ReadAction\",\"target\":[\"https:\\\/\\\/www.rosenborgs.se\\\/en\\\/nature-and-guides\\\/\"]}]},{\"@type\":\"ImageObject\",\"inLanguage\":\"en-GB\",\"@id\":\"https:\\\/\\\/www.rosenborgs.se\\\/en\\\/nature-and-guides\\\/#primaryimage\",\"url\":\"https:\\\/\\\/www.rosenborgs.se\\\/wp-content\\\/uploads\\\/2013\\\/01\\\/pensionat-blocket-024-e1358614325916.jpg\",\"contentUrl\":\"https:\\\/\\\/www.rosenborgs.se\\\/wp-content\\\/uploads\\\/2013\\\/01\\\/pensionat-blocket-024-e1358614325916.jpg\",\"width\":2048,\"height\":537},{\"@type\":\"BreadcrumbList\",\"@id\":\"https:\\\/\\\/www.rosenborgs.se\\\/en\\\/nature-and-guides\\\/#breadcrumb\",\"itemListElement\":[{\"@type\":\"ListItem\",\"position\":1,\"name\":\"Home\",\"item\":\"https:\\\/\\\/www.rosenborgs.se\\\/en\\\/\"},{\"@type\":\"ListItem\",\"position\":2,\"name\":\"Nature and guides\"}]},{\"@type\":\"WebSite\",\"@id\":\"https:\\\/\\\/www.rosenborgs.se\\\/de\\\/#website\",\"url\":\"https:\\\/\\\/www.rosenborgs.se\\\/de\\\/\",\"name\":\"Rosenborgs Friluftspensionat\",\"description\":\"En till WordPress-webbplats\",\"potentialAction\":[{\"@type\":\"SearchAction\",\"target\":{\"@type\":\"EntryPoint\",\"urlTemplate\":\"https:\\\/\\\/www.rosenborgs.se\\\/de\\\/?s={search_term_string}\"},\"query-input\":{\"@type\":\"PropertyValueSpecification\",\"valueRequired\":true,\"valueName\":\"search_term_string\"}}],\"inLanguage\":\"en-GB\"}]}<\/script>\n<!-- \/ Yoast SEO plugin. -->","yoast_head_json":{"title":"Nature and guides - Rosenborgs Friluftspensionat","description":"Rosenborg is an excellent starting point to explore \u00d6land\u2019s favorite spots from. Rosenborgs Friluftspensionat is located on the island with relative close","robots":{"index":"index","follow":"follow","max-snippet":"max-snippet:-1","max-image-preview":"max-image-preview:large","max-video-preview":"max-video-preview:-1"},"canonical":"https:\/\/www.rosenborgs.se\/en\/nature-and-guides\/","og_locale":"en_GB","og_type":"article","og_title":"Nature and guides - Rosenborgs Friluftspensionat","og_description":"Rosenborg is an excellent starting point to explore \u00d6land\u2019s favorite spots from. Rosenborgs Friluftspensionat is located on the island with relative close","og_url":"https:\/\/www.rosenborgs.se\/en\/nature-and-guides\/","og_site_name":"Rosenborgs Friluftspensionat","article_modified_time":"2015-05-16T12:36:00+00:00","og_image":[{"width":2048,"height":537,"url":"https:\/\/www.rosenborgs.se\/wp-content\/uploads\/2013\/01\/pensionat-blocket-024-e1358614325916.jpg","type":"image\/jpeg"}],"twitter_card":"summary_large_image","schema":{"@context":"https:\/\/schema.org","@graph":[{"@type":"WebPage","@id":"https:\/\/www.rosenborgs.se\/en\/nature-and-guides\/","url":"https:\/\/www.rosenborgs.se\/en\/nature-and-guides\/","name":"Nature and guides - Rosenborgs Friluftspensionat","isPartOf":{"@id":"https:\/\/www.rosenborgs.se\/de\/#website"},"primaryImageOfPage":{"@id":"https:\/\/www.rosenborgs.se\/en\/nature-and-guides\/#primaryimage"},"image":{"@id":"https:\/\/www.rosenborgs.se\/en\/nature-and-guides\/#primaryimage"},"thumbnailUrl":"https:\/\/www.rosenborgs.se\/wp-content\/uploads\/2013\/01\/pensionat-blocket-024-e1358614325916.jpg","datePublished":"2015-04-10T09:29:02+00:00","dateModified":"2015-05-16T12:36:00+00:00","description":"Rosenborg is an excellent starting point to explore \u00d6land\u2019s favorite spots from. Rosenborgs Friluftspensionat is located on the island with relative close","breadcrumb":{"@id":"https:\/\/www.rosenborgs.se\/en\/nature-and-guides\/#breadcrumb"},"inLanguage":"en-GB","potentialAction":[{"@type":"ReadAction","target":["https:\/\/www.rosenborgs.se\/en\/nature-and-guides\/"]}]},{"@type":"ImageObject","inLanguage":"en-GB","@id":"https:\/\/www.rosenborgs.se\/en\/nature-and-guides\/#primaryimage","url":"https:\/\/www.rosenborgs.se\/wp-content\/uploads\/2013\/01\/pensionat-blocket-024-e1358614325916.jpg","contentUrl":"https:\/\/www.rosenborgs.se\/wp-content\/uploads\/2013\/01\/pensionat-blocket-024-e1358614325916.jpg","width":2048,"height":537},{"@type":"BreadcrumbList","@id":"https:\/\/www.rosenborgs.se\/en\/nature-and-guides\/#breadcrumb","itemListElement":[{"@type":"ListItem","position":1,"name":"Home","item":"https:\/\/www.rosenborgs.se\/en\/"},{"@type":"ListItem","position":2,"name":"Nature and guides"}]},{"@type":"WebSite","@id":"https:\/\/www.rosenborgs.se\/de\/#website","url":"https:\/\/www.rosenborgs.se\/de\/","name":"Rosenborgs Friluftspensionat","description":"En till WordPress-webbplats","potentialAction":[{"@type":"SearchAction","target":{"@type":"EntryPoint","urlTemplate":"https:\/\/www.rosenborgs.se\/de\/?s={search_term_string}"},"query-input":{"@type":"PropertyValueSpecification","valueRequired":true,"valueName":"search_term_string"}}],"inLanguage":"en-GB"}]}},"_links":{"self":[{"href":"https:\/\/www.rosenborgs.se\/en\/wp-json\/wp\/v2\/pages\/481","targetHints":{"allow":["GET"]}}],"collection":[{"href":"https:\/\/www.rosenborgs.se\/en\/wp-json\/wp\/v2\/pages"}],"about":[{"href":"https:\/\/www.rosenborgs.se\/en\/wp-json\/wp\/v2\/types\/page"}],"author":[{"embeddable":true,"href":"https:\/\/www.rosenborgs.se\/en\/wp-json\/wp\/v2\/users\/3"}],"replies":[{"embeddable":true,"href":"https:\/\/www.rosenborgs.se\/en\/wp-json\/wp\/v2\/comments?post=481"}],"version-history":[{"count":0,"href":"https:\/\/www.rosenborgs.se\/en\/wp-json\/wp\/v2\/pages\/481\/revisions"}],"wp:featuredmedia":[{"embeddable":true,"href":"https:\/\/www.rosenborgs.se\/en\/wp-json\/wp\/v2\/media\/203"}],"wp:attachment":[{"href":"https:\/\/www.rosenborgs.se\/en\/wp-json\/wp\/v2\/media?parent=481"}],"curies":[{"name":"wp","href":"https:\/\/api.w.org\/{rel}","templated":true}]}}