{"id":685,"date":"2015-05-31T17:35:19","date_gmt":"2015-05-31T15:35:19","guid":{"rendered":"https:\/\/rosenborgsse.wpengine.com\/?page_id=685"},"modified":"2015-11-14T08:14:05","modified_gmt":"2015-11-14T07:14:05","slug":"cafe-3","status":"publish","type":"page","link":"https:\/\/www.rosenborgs.se\/de\/cafe-3\/","title":{"rendered":"Caf\u00e9"},"content":{"rendered":"<p>Rosenborg sch\u00f6ne Umgebung eignet sich ausgezeichnet f\u00fcr eine Kaffeepause. Wir bieten Ihnen hei\u00dfe und kalte Getr\u00e4nke, Eis, hausgemachte Sandwiches, Kuchen und Torten, die Sie genie\u00dfen k\u00f6nnen, in unserem Restaurant oder auf unsere Sitzgelegenheiten im freien, oder warum nicht auf alle gem\u00fctlich Platz in unserem gro\u00dfen Garten.<\/p>\n<p>Willkommen<\/p>\n","protected":false},"excerpt":{"rendered":"<p>Rosenborg sch\u00f6ne Umgebung eignet sich ausgezeichnet f\u00fcr eine Kaffeepause. Wir bieten Ihnen hei\u00dfe und kalte Getr\u00e4nke, Eis, hausgemachte Sandwiches, Kuchen und Torten, die Sie genie\u00dfen k\u00f6nnen, in unserem Restaurant oder auf unsere Sitzgelegenheiten im freien, oder warum nicht auf alle gem\u00fctlich Platz in unserem gro\u00dfen Garten. Willkommen<\/p>\n","protected":false},"author":4,"featured_media":699,"parent":0,"menu_order":0,"comment_status":"open","ping_status":"open","template":"","meta":{"_monsterinsights_skip_tracking":false,"_monsterinsights_sitenote_active":false,"_monsterinsights_sitenote_note":"","_monsterinsights_sitenote_category":0,"footnotes":""},"class_list":["post-685","page","type-page","status-publish","has-post-thumbnail","hentry"],"yoast_head":"<!-- This site is optimized with the Yoast SEO plugin v27.5 - https:\/\/yoast.com\/product\/yoast-seo-wordpress\/ -->\n<title>Caf\u00e9 - Rosenborgs Friluftspensionat<\/title>\n<meta name=\"description\" content=\"Rosenborg sch\u00f6ne Umgebung eignet sich ausgezeichnet f\u00fcr eine Kaffeepause. Wir bieten Ihnen hei\u00dfe und kalte Getr\u00e4nke, Eis, hausgemachte Sandwiches, Kuchen\" \/>\n<meta name=\"robots\" content=\"index, follow, max-snippet:-1, max-image-preview:large, max-video-preview:-1\" \/>\n<link rel=\"canonical\" href=\"https:\/\/www.rosenborgs.se\/de\/cafe-3\/\" \/>\n<meta property=\"og:locale\" content=\"de_DE\" \/>\n<meta property=\"og:type\" content=\"article\" \/>\n<meta property=\"og:title\" content=\"Caf\u00e9 - Rosenborgs Friluftspensionat\" \/>\n<meta property=\"og:description\" content=\"Rosenborg sch\u00f6ne Umgebung eignet sich ausgezeichnet f\u00fcr eine Kaffeepause. Wir bieten Ihnen hei\u00dfe und kalte Getr\u00e4nke, Eis, hausgemachte Sandwiches, Kuchen\" \/>\n<meta property=\"og:url\" content=\"https:\/\/www.rosenborgs.se\/de\/cafe-3\/\" \/>\n<meta property=\"og:site_name\" content=\"Rosenborgs Friluftspensionat\" \/>\n<meta property=\"article:modified_time\" content=\"2015-11-14T07:14:05+00:00\" \/>\n<meta property=\"og:image\" content=\"https:\/\/www.rosenborgs.se\/wp-content\/uploads\/2015\/11\/DSC_2266.jpg\" \/>\n\t<meta property=\"og:image:width\" content=\"1024\" \/>\n\t<meta property=\"og:image:height\" content=\"249\" \/>\n\t<meta property=\"og:image:type\" content=\"image\/jpeg\" \/>\n<meta name=\"twitter:card\" content=\"summary_large_image\" \/>\n<script type=\"application\/ld+json\" class=\"yoast-schema-graph\">{\"@context\":\"https:\\\/\\\/schema.org\",\"@graph\":[{\"@type\":\"WebPage\",\"@id\":\"https:\\\/\\\/www.rosenborgs.se\\\/de\\\/cafe-3\\\/\",\"url\":\"https:\\\/\\\/www.rosenborgs.se\\\/de\\\/cafe-3\\\/\",\"name\":\"Caf\u00e9 - Rosenborgs Friluftspensionat\",\"isPartOf\":{\"@id\":\"https:\\\/\\\/www.rosenborgs.se\\\/de\\\/#website\"},\"primaryImageOfPage\":{\"@id\":\"https:\\\/\\\/www.rosenborgs.se\\\/de\\\/cafe-3\\\/#primaryimage\"},\"image\":{\"@id\":\"https:\\\/\\\/www.rosenborgs.se\\\/de\\\/cafe-3\\\/#primaryimage\"},\"thumbnailUrl\":\"https:\\\/\\\/www.rosenborgs.se\\\/wp-content\\\/uploads\\\/2015\\\/11\\\/DSC_2266.jpg\",\"datePublished\":\"2015-05-31T15:35:19+00:00\",\"dateModified\":\"2015-11-14T07:14:05+00:00\",\"description\":\"Rosenborg sch\u00f6ne Umgebung eignet sich ausgezeichnet f\u00fcr eine Kaffeepause. Wir bieten Ihnen hei\u00dfe und kalte Getr\u00e4nke, Eis, hausgemachte Sandwiches, Kuchen\",\"breadcrumb\":{\"@id\":\"https:\\\/\\\/www.rosenborgs.se\\\/de\\\/cafe-3\\\/#breadcrumb\"},\"inLanguage\":\"de-DE\",\"potentialAction\":[{\"@type\":\"ReadAction\",\"target\":[\"https:\\\/\\\/www.rosenborgs.se\\\/de\\\/cafe-3\\\/\"]}]},{\"@type\":\"ImageObject\",\"inLanguage\":\"de-DE\",\"@id\":\"https:\\\/\\\/www.rosenborgs.se\\\/de\\\/cafe-3\\\/#primaryimage\",\"url\":\"https:\\\/\\\/www.rosenborgs.se\\\/wp-content\\\/uploads\\\/2015\\\/11\\\/DSC_2266.jpg\",\"contentUrl\":\"https:\\\/\\\/www.rosenborgs.se\\\/wp-content\\\/uploads\\\/2015\\\/11\\\/DSC_2266.jpg\",\"width\":1024,\"height\":249},{\"@type\":\"BreadcrumbList\",\"@id\":\"https:\\\/\\\/www.rosenborgs.se\\\/de\\\/cafe-3\\\/#breadcrumb\",\"itemListElement\":[{\"@type\":\"ListItem\",\"position\":1,\"name\":\"Home\",\"item\":\"https:\\\/\\\/www.rosenborgs.se\\\/de\\\/\"},{\"@type\":\"ListItem\",\"position\":2,\"name\":\"Caf\u00e9\"}]},{\"@type\":\"WebSite\",\"@id\":\"https:\\\/\\\/www.rosenborgs.se\\\/de\\\/#website\",\"url\":\"https:\\\/\\\/www.rosenborgs.se\\\/de\\\/\",\"name\":\"Rosenborgs Friluftspensionat\",\"description\":\"En till WordPress-webbplats\",\"potentialAction\":[{\"@type\":\"SearchAction\",\"target\":{\"@type\":\"EntryPoint\",\"urlTemplate\":\"https:\\\/\\\/www.rosenborgs.se\\\/de\\\/?s={search_term_string}\"},\"query-input\":{\"@type\":\"PropertyValueSpecification\",\"valueRequired\":true,\"valueName\":\"search_term_string\"}}],\"inLanguage\":\"de-DE\"}]}<\/script>\n<!-- \/ Yoast SEO plugin. -->","yoast_head_json":{"title":"Caf\u00e9 - Rosenborgs Friluftspensionat","description":"Rosenborg sch\u00f6ne Umgebung eignet sich ausgezeichnet f\u00fcr eine Kaffeepause. Wir bieten Ihnen hei\u00dfe und kalte Getr\u00e4nke, Eis, hausgemachte Sandwiches, Kuchen","robots":{"index":"index","follow":"follow","max-snippet":"max-snippet:-1","max-image-preview":"max-image-preview:large","max-video-preview":"max-video-preview:-1"},"canonical":"https:\/\/www.rosenborgs.se\/de\/cafe-3\/","og_locale":"de_DE","og_type":"article","og_title":"Caf\u00e9 - Rosenborgs Friluftspensionat","og_description":"Rosenborg sch\u00f6ne Umgebung eignet sich ausgezeichnet f\u00fcr eine Kaffeepause. Wir bieten Ihnen hei\u00dfe und kalte Getr\u00e4nke, Eis, hausgemachte Sandwiches, Kuchen","og_url":"https:\/\/www.rosenborgs.se\/de\/cafe-3\/","og_site_name":"Rosenborgs Friluftspensionat","article_modified_time":"2015-11-14T07:14:05+00:00","og_image":[{"width":1024,"height":249,"url":"https:\/\/www.rosenborgs.se\/wp-content\/uploads\/2015\/11\/DSC_2266.jpg","type":"image\/jpeg"}],"twitter_card":"summary_large_image","schema":{"@context":"https:\/\/schema.org","@graph":[{"@type":"WebPage","@id":"https:\/\/www.rosenborgs.se\/de\/cafe-3\/","url":"https:\/\/www.rosenborgs.se\/de\/cafe-3\/","name":"Caf\u00e9 - Rosenborgs Friluftspensionat","isPartOf":{"@id":"https:\/\/www.rosenborgs.se\/de\/#website"},"primaryImageOfPage":{"@id":"https:\/\/www.rosenborgs.se\/de\/cafe-3\/#primaryimage"},"image":{"@id":"https:\/\/www.rosenborgs.se\/de\/cafe-3\/#primaryimage"},"thumbnailUrl":"https:\/\/www.rosenborgs.se\/wp-content\/uploads\/2015\/11\/DSC_2266.jpg","datePublished":"2015-05-31T15:35:19+00:00","dateModified":"2015-11-14T07:14:05+00:00","description":"Rosenborg sch\u00f6ne Umgebung eignet sich ausgezeichnet f\u00fcr eine Kaffeepause. Wir bieten Ihnen hei\u00dfe und kalte Getr\u00e4nke, Eis, hausgemachte Sandwiches, Kuchen","breadcrumb":{"@id":"https:\/\/www.rosenborgs.se\/de\/cafe-3\/#breadcrumb"},"inLanguage":"de-DE","potentialAction":[{"@type":"ReadAction","target":["https:\/\/www.rosenborgs.se\/de\/cafe-3\/"]}]},{"@type":"ImageObject","inLanguage":"de-DE","@id":"https:\/\/www.rosenborgs.se\/de\/cafe-3\/#primaryimage","url":"https:\/\/www.rosenborgs.se\/wp-content\/uploads\/2015\/11\/DSC_2266.jpg","contentUrl":"https:\/\/www.rosenborgs.se\/wp-content\/uploads\/2015\/11\/DSC_2266.jpg","width":1024,"height":249},{"@type":"BreadcrumbList","@id":"https:\/\/www.rosenborgs.se\/de\/cafe-3\/#breadcrumb","itemListElement":[{"@type":"ListItem","position":1,"name":"Home","item":"https:\/\/www.rosenborgs.se\/de\/"},{"@type":"ListItem","position":2,"name":"Caf\u00e9"}]},{"@type":"WebSite","@id":"https:\/\/www.rosenborgs.se\/de\/#website","url":"https:\/\/www.rosenborgs.se\/de\/","name":"Rosenborgs Friluftspensionat","description":"En till WordPress-webbplats","potentialAction":[{"@type":"SearchAction","target":{"@type":"EntryPoint","urlTemplate":"https:\/\/www.rosenborgs.se\/de\/?s={search_term_string}"},"query-input":{"@type":"PropertyValueSpecification","valueRequired":true,"valueName":"search_term_string"}}],"inLanguage":"de-DE"}]}},"_links":{"self":[{"href":"https:\/\/www.rosenborgs.se\/de\/wp-json\/wp\/v2\/pages\/685","targetHints":{"allow":["GET"]}}],"collection":[{"href":"https:\/\/www.rosenborgs.se\/de\/wp-json\/wp\/v2\/pages"}],"about":[{"href":"https:\/\/www.rosenborgs.se\/de\/wp-json\/wp\/v2\/types\/page"}],"author":[{"embeddable":true,"href":"https:\/\/www.rosenborgs.se\/de\/wp-json\/wp\/v2\/users\/4"}],"replies":[{"embeddable":true,"href":"https:\/\/www.rosenborgs.se\/de\/wp-json\/wp\/v2\/comments?post=685"}],"version-history":[{"count":0,"href":"https:\/\/www.rosenborgs.se\/de\/wp-json\/wp\/v2\/pages\/685\/revisions"}],"wp:featuredmedia":[{"embeddable":true,"href":"https:\/\/www.rosenborgs.se\/de\/wp-json\/wp\/v2\/media\/699"}],"wp:attachment":[{"href":"https:\/\/www.rosenborgs.se\/de\/wp-json\/wp\/v2\/media?parent=685"}],"curies":[{"name":"wp","href":"https:\/\/api.w.org\/{rel}","templated":true}]}}