{"id":265,"date":"2013-01-26T17:44:41","date_gmt":"2013-01-26T16:44:41","guid":{"rendered":"https:\/\/rosenborgsse.wpengine.com\/_ny\/?page_id=265"},"modified":"2015-05-23T12:06:19","modified_gmt":"2015-05-23T10:06:19","slug":"uber-rosenborg","status":"publish","type":"page","link":"https:\/\/www.rosenborgs.se\/de\/uber-rosenborg\/","title":{"rendered":"\u00dcber Rosenborg"},"content":{"rendered":"<p>W\u00e4hrend die Autos auf der Hauptstrasse 136 in Richtung Borgholm vorbeirasen, finden unsere Besucher bei uns ganz in der N\u00e4he Ruhe und Stille. Nur 11 Kilometer von der \u00d6landsbr\u00fccke entfernt, hinter Algutsrum und Jordtorp, liegt das kleine Idyll Rosenborg. Die letzten drei Kilometer zu uns fahren Sie auf einem sch\u00f6nen alten Kiesweg. Dann sind sie bei uns in Rosenborgs Friluftspensionat angekommen.<\/p>\n<p>Rosenborg ist ein typischer alter \u00d6landshof, der im Jahr 1758 gegr\u00fcndet wurde. Davor war dieser Ort nicht bewohnt gewesen und das Leben war hart f\u00fcr die Neusiedler, die sich hier niederliessen. Heute ist es dagegen ein wundervoller Platz in unserer stressigen und hektischen Zeit.<br \/>\nRosenborg liegt in dem ber\u00fchmten Mittlandsskogen (Mittlandswald), einem Laubwald, in dem Eichen, Buchen, Ulmen, Espen und Haselstr\u00e4ucher zu finden sind. Der Mittlandswald ist seit der Bronzezeit als Weideland f\u00fcr K\u00fche, Schafe und Pferde genutzt worden, was einzigartige Bedingungen f\u00fcr seine Flora und Fauna geschaffen hat.<\/p>\n<p>Mit dem Fahrrad k\u00f6nnen Sie unsere Umgebung gut erkunden, vor allem die Ostseite der Insel. Von dort aus nehmen Sie einfach einen der kleinen Wege runter an die Ostsee und schon bekommen Sie einen ganz neuen Eindruck von \u00d6land.<\/p>\n<p>Wenn Sie dagegen lieber gem\u00fctlich einen Tasse Kaffe trinken und dabei den V\u00f6gel zuh\u00f6ren oder mit einem Freund sprechen wollen, wird Ihnen Rosenborg sicher auch gut gefallen!<br \/>\nWillkommen zu Ihrem Urlaub in der schwedischen Natur<\/p>\n<p><strong>\u00a0<\/strong><\/p>\n","protected":false},"excerpt":{"rendered":"<p>W\u00e4hrend die Autos auf der Hauptstrasse 136 in Richtung Borgholm vorbeirasen, finden unsere Besucher bei uns ganz in der N\u00e4he Ruhe und Stille. Nur 11 Kilometer von der \u00d6landsbr\u00fccke entfernt, hinter Algutsrum und Jordtorp, liegt das kleine Idyll Rosenborg. Die letzten drei Kilometer zu uns fahren Sie auf einem sch\u00f6nen alten Kiesweg. Dann sind sie [&hellip;]<\/p>\n","protected":false},"author":3,"featured_media":207,"parent":0,"menu_order":0,"comment_status":"open","ping_status":"open","template":"","meta":{"_monsterinsights_skip_tracking":false,"_monsterinsights_sitenote_active":false,"_monsterinsights_sitenote_note":"","_monsterinsights_sitenote_category":0,"footnotes":""},"class_list":["post-265","page","type-page","status-publish","has-post-thumbnail","hentry"],"yoast_head":"<!-- This site is optimized with the Yoast SEO plugin v27.4 - https:\/\/yoast.com\/product\/yoast-seo-wordpress\/ -->\n<title>\u00dcber Rosenborg - Rosenborgs Friluftspensionat<\/title>\n<meta name=\"description\" content=\"W\u00e4hrend die Autos auf der Hauptstrasse 136 in Richtung Borgholm vorbeirasen, finden unsere Besucher bei uns ganz in der N\u00e4he Ruhe und Stille. Nur 11\" \/>\n<meta name=\"robots\" content=\"index, follow, max-snippet:-1, max-image-preview:large, max-video-preview:-1\" \/>\n<link rel=\"canonical\" href=\"https:\/\/www.rosenborgs.se\/de\/uber-rosenborg\/\" \/>\n<meta property=\"og:locale\" content=\"de_DE\" \/>\n<meta property=\"og:type\" content=\"article\" \/>\n<meta property=\"og:title\" content=\"\u00dcber Rosenborg - Rosenborgs Friluftspensionat\" \/>\n<meta property=\"og:description\" content=\"W\u00e4hrend die Autos auf der Hauptstrasse 136 in Richtung Borgholm vorbeirasen, finden unsere Besucher bei uns ganz in der N\u00e4he Ruhe und Stille. Nur 11\" \/>\n<meta property=\"og:url\" content=\"https:\/\/www.rosenborgs.se\/de\/uber-rosenborg\/\" \/>\n<meta property=\"og:site_name\" content=\"Rosenborgs Friluftspensionat\" \/>\n<meta property=\"article:modified_time\" content=\"2015-05-23T10:06:19+00:00\" \/>\n<meta property=\"og:image\" content=\"https:\/\/www.rosenborgs.se\/wp-content\/uploads\/2013\/01\/Rosenborg_1472-e1358450407641.jpg\" \/>\n\t<meta property=\"og:image:width\" content=\"2048\" \/>\n\t<meta property=\"og:image:height\" content=\"537\" \/>\n\t<meta property=\"og:image:type\" content=\"image\/jpeg\" \/>\n<meta name=\"twitter:card\" content=\"summary_large_image\" \/>\n<meta name=\"twitter:label1\" content=\"Est. reading time\" \/>\n\t<meta name=\"twitter:data1\" content=\"1 Minute\" \/>\n<script type=\"application\/ld+json\" class=\"yoast-schema-graph\">{\"@context\":\"https:\\\/\\\/schema.org\",\"@graph\":[{\"@type\":\"WebPage\",\"@id\":\"https:\\\/\\\/www.rosenborgs.se\\\/de\\\/uber-rosenborg\\\/\",\"url\":\"https:\\\/\\\/www.rosenborgs.se\\\/de\\\/uber-rosenborg\\\/\",\"name\":\"\u00dcber Rosenborg - Rosenborgs Friluftspensionat\",\"isPartOf\":{\"@id\":\"https:\\\/\\\/www.rosenborgs.se\\\/de\\\/#website\"},\"primaryImageOfPage\":{\"@id\":\"https:\\\/\\\/www.rosenborgs.se\\\/de\\\/uber-rosenborg\\\/#primaryimage\"},\"image\":{\"@id\":\"https:\\\/\\\/www.rosenborgs.se\\\/de\\\/uber-rosenborg\\\/#primaryimage\"},\"thumbnailUrl\":\"https:\\\/\\\/www.rosenborgs.se\\\/wp-content\\\/uploads\\\/2013\\\/01\\\/Rosenborg_1472-e1358450407641.jpg\",\"datePublished\":\"2013-01-26T16:44:41+00:00\",\"dateModified\":\"2015-05-23T10:06:19+00:00\",\"description\":\"W\u00e4hrend die Autos auf der Hauptstrasse 136 in Richtung Borgholm vorbeirasen, finden unsere Besucher bei uns ganz in der N\u00e4he Ruhe und Stille. Nur 11\",\"breadcrumb\":{\"@id\":\"https:\\\/\\\/www.rosenborgs.se\\\/de\\\/uber-rosenborg\\\/#breadcrumb\"},\"inLanguage\":\"de-DE\",\"potentialAction\":[{\"@type\":\"ReadAction\",\"target\":[\"https:\\\/\\\/www.rosenborgs.se\\\/de\\\/uber-rosenborg\\\/\"]}]},{\"@type\":\"ImageObject\",\"inLanguage\":\"de-DE\",\"@id\":\"https:\\\/\\\/www.rosenborgs.se\\\/de\\\/uber-rosenborg\\\/#primaryimage\",\"url\":\"https:\\\/\\\/www.rosenborgs.se\\\/wp-content\\\/uploads\\\/2013\\\/01\\\/Rosenborg_1472-e1358450407641.jpg\",\"contentUrl\":\"https:\\\/\\\/www.rosenborgs.se\\\/wp-content\\\/uploads\\\/2013\\\/01\\\/Rosenborg_1472-e1358450407641.jpg\",\"width\":2048,\"height\":537},{\"@type\":\"BreadcrumbList\",\"@id\":\"https:\\\/\\\/www.rosenborgs.se\\\/de\\\/uber-rosenborg\\\/#breadcrumb\",\"itemListElement\":[{\"@type\":\"ListItem\",\"position\":1,\"name\":\"Home\",\"item\":\"https:\\\/\\\/www.rosenborgs.se\\\/de\\\/\"},{\"@type\":\"ListItem\",\"position\":2,\"name\":\"\u00dcber Rosenborg\"}]},{\"@type\":\"WebSite\",\"@id\":\"https:\\\/\\\/www.rosenborgs.se\\\/de\\\/#website\",\"url\":\"https:\\\/\\\/www.rosenborgs.se\\\/de\\\/\",\"name\":\"Rosenborgs Friluftspensionat\",\"description\":\"En till WordPress-webbplats\",\"potentialAction\":[{\"@type\":\"SearchAction\",\"target\":{\"@type\":\"EntryPoint\",\"urlTemplate\":\"https:\\\/\\\/www.rosenborgs.se\\\/de\\\/?s={search_term_string}\"},\"query-input\":{\"@type\":\"PropertyValueSpecification\",\"valueRequired\":true,\"valueName\":\"search_term_string\"}}],\"inLanguage\":\"de-DE\"}]}<\/script>\n<!-- \/ Yoast SEO plugin. -->","yoast_head_json":{"title":"\u00dcber Rosenborg - Rosenborgs Friluftspensionat","description":"W\u00e4hrend die Autos auf der Hauptstrasse 136 in Richtung Borgholm vorbeirasen, finden unsere Besucher bei uns ganz in der N\u00e4he Ruhe und Stille. Nur 11","robots":{"index":"index","follow":"follow","max-snippet":"max-snippet:-1","max-image-preview":"max-image-preview:large","max-video-preview":"max-video-preview:-1"},"canonical":"https:\/\/www.rosenborgs.se\/de\/uber-rosenborg\/","og_locale":"de_DE","og_type":"article","og_title":"\u00dcber Rosenborg - Rosenborgs Friluftspensionat","og_description":"W\u00e4hrend die Autos auf der Hauptstrasse 136 in Richtung Borgholm vorbeirasen, finden unsere Besucher bei uns ganz in der N\u00e4he Ruhe und Stille. Nur 11","og_url":"https:\/\/www.rosenborgs.se\/de\/uber-rosenborg\/","og_site_name":"Rosenborgs Friluftspensionat","article_modified_time":"2015-05-23T10:06:19+00:00","og_image":[{"width":2048,"height":537,"url":"https:\/\/www.rosenborgs.se\/wp-content\/uploads\/2013\/01\/Rosenborg_1472-e1358450407641.jpg","type":"image\/jpeg"}],"twitter_card":"summary_large_image","twitter_misc":{"Est. reading time":"1 Minute"},"schema":{"@context":"https:\/\/schema.org","@graph":[{"@type":"WebPage","@id":"https:\/\/www.rosenborgs.se\/de\/uber-rosenborg\/","url":"https:\/\/www.rosenborgs.se\/de\/uber-rosenborg\/","name":"\u00dcber Rosenborg - Rosenborgs Friluftspensionat","isPartOf":{"@id":"https:\/\/www.rosenborgs.se\/de\/#website"},"primaryImageOfPage":{"@id":"https:\/\/www.rosenborgs.se\/de\/uber-rosenborg\/#primaryimage"},"image":{"@id":"https:\/\/www.rosenborgs.se\/de\/uber-rosenborg\/#primaryimage"},"thumbnailUrl":"https:\/\/www.rosenborgs.se\/wp-content\/uploads\/2013\/01\/Rosenborg_1472-e1358450407641.jpg","datePublished":"2013-01-26T16:44:41+00:00","dateModified":"2015-05-23T10:06:19+00:00","description":"W\u00e4hrend die Autos auf der Hauptstrasse 136 in Richtung Borgholm vorbeirasen, finden unsere Besucher bei uns ganz in der N\u00e4he Ruhe und Stille. Nur 11","breadcrumb":{"@id":"https:\/\/www.rosenborgs.se\/de\/uber-rosenborg\/#breadcrumb"},"inLanguage":"de-DE","potentialAction":[{"@type":"ReadAction","target":["https:\/\/www.rosenborgs.se\/de\/uber-rosenborg\/"]}]},{"@type":"ImageObject","inLanguage":"de-DE","@id":"https:\/\/www.rosenborgs.se\/de\/uber-rosenborg\/#primaryimage","url":"https:\/\/www.rosenborgs.se\/wp-content\/uploads\/2013\/01\/Rosenborg_1472-e1358450407641.jpg","contentUrl":"https:\/\/www.rosenborgs.se\/wp-content\/uploads\/2013\/01\/Rosenborg_1472-e1358450407641.jpg","width":2048,"height":537},{"@type":"BreadcrumbList","@id":"https:\/\/www.rosenborgs.se\/de\/uber-rosenborg\/#breadcrumb","itemListElement":[{"@type":"ListItem","position":1,"name":"Home","item":"https:\/\/www.rosenborgs.se\/de\/"},{"@type":"ListItem","position":2,"name":"\u00dcber Rosenborg"}]},{"@type":"WebSite","@id":"https:\/\/www.rosenborgs.se\/de\/#website","url":"https:\/\/www.rosenborgs.se\/de\/","name":"Rosenborgs Friluftspensionat","description":"En till WordPress-webbplats","potentialAction":[{"@type":"SearchAction","target":{"@type":"EntryPoint","urlTemplate":"https:\/\/www.rosenborgs.se\/de\/?s={search_term_string}"},"query-input":{"@type":"PropertyValueSpecification","valueRequired":true,"valueName":"search_term_string"}}],"inLanguage":"de-DE"}]}},"_links":{"self":[{"href":"https:\/\/www.rosenborgs.se\/de\/wp-json\/wp\/v2\/pages\/265","targetHints":{"allow":["GET"]}}],"collection":[{"href":"https:\/\/www.rosenborgs.se\/de\/wp-json\/wp\/v2\/pages"}],"about":[{"href":"https:\/\/www.rosenborgs.se\/de\/wp-json\/wp\/v2\/types\/page"}],"author":[{"embeddable":true,"href":"https:\/\/www.rosenborgs.se\/de\/wp-json\/wp\/v2\/users\/3"}],"replies":[{"embeddable":true,"href":"https:\/\/www.rosenborgs.se\/de\/wp-json\/wp\/v2\/comments?post=265"}],"version-history":[{"count":0,"href":"https:\/\/www.rosenborgs.se\/de\/wp-json\/wp\/v2\/pages\/265\/revisions"}],"wp:featuredmedia":[{"embeddable":true,"href":"https:\/\/www.rosenborgs.se\/de\/wp-json\/wp\/v2\/media\/207"}],"wp:attachment":[{"href":"https:\/\/www.rosenborgs.se\/de\/wp-json\/wp\/v2\/media?parent=265"}],"curies":[{"name":"wp","href":"https:\/\/api.w.org\/{rel}","templated":true}]}}