{"id":258,"date":"2013-01-26T17:39:21","date_gmt":"2013-01-26T16:39:21","guid":{"rendered":"https:\/\/rosenborgsse.wpengine.com\/_ny\/?page_id=258"},"modified":"2015-05-23T12:00:08","modified_gmt":"2015-05-23T10:00:08","slug":"konferenzen-kurse","status":"publish","type":"page","link":"https:\/\/www.rosenborgs.se\/de\/konferenzen-kurse\/","title":{"rendered":"Konferenzen &#038; Kurse"},"content":{"rendered":"<p>Wenn Sie f\u00fcr Ihre Konferenz einen ruhigen Ort suchen, sind Sie bei uns richtig. Hier haben wir den einen perfekten Platz f\u00fcr Unternehmen, die sich etwas abgelegener f\u00fcr ihre Konferenz treffen wollen. Sie haben auch die M\u00f6glichkeit, eine Naturf\u00fchrung f\u00fcr Ihre Konferenzteilnehmer zu buchen, um die \u00f6l\u00e4ndische Natur erleben zu k\u00f6nnen. Wir organisieren pers\u00f6nliche und famili\u00e4re Konferenzen zu sehr guten Preisen. Wenn Sie einen Kurs geben wollen und nach passenden R\u00e4umen sowie einem guten Service suchen, k\u00f6nnen wir das mit Ihnen organisieren.<\/p>\n<p>Konferenzen mit \u00dcbernachtungen sind am besten geeignet f\u00fcr Gruppen bis zu ungef\u00e4hr zwanzig Personen. Wir bieten Ihnen Vollpension mit Fr\u00fchst\u00fcck, Vormittagskaffe, Mittagessen, Nachmittagskaffe und Abendessen, Getr\u00e4nken und Fr\u00fcchten. Wenn Sie nur eine Tageskonferenz buchen wollen, haben wir Platz f\u00fcr bis zu 35 Personen. Meistens haben Sie in diesem Fall unsere Pension ganz f\u00fcr sich allein, und wir versuchen, diese Tage ganz nach Ihren W\u00fcnschen zu gestalten. Ausser Konferenzen, Tagungen und Vereinstreffen k\u00f6nnen Sie unseren Hof auch f\u00fcr gr\u00f6ssere Feste wie Hochzeiten mieten.<\/p>\n<p>Mehr Information und Preise finden Sie unter den Abschnitten Tageskonferenzen und Konferenz mit \u00dcbernachtung.<\/p>\n","protected":false},"excerpt":{"rendered":"<p>Wenn Sie f\u00fcr Ihre Konferenz einen ruhigen Ort suchen, sind Sie bei uns richtig. Hier haben wir den einen perfekten Platz f\u00fcr Unternehmen, die sich etwas abgelegener f\u00fcr ihre Konferenz treffen wollen. Sie haben auch die M\u00f6glichkeit, eine Naturf\u00fchrung f\u00fcr Ihre Konferenzteilnehmer zu buchen, um die \u00f6l\u00e4ndische Natur erleben zu k\u00f6nnen. Wir organisieren pers\u00f6nliche und [&hellip;]<\/p>\n","protected":false},"author":3,"featured_media":634,"parent":0,"menu_order":0,"comment_status":"open","ping_status":"open","template":"","meta":{"_monsterinsights_skip_tracking":false,"_monsterinsights_sitenote_active":false,"_monsterinsights_sitenote_note":"","_monsterinsights_sitenote_category":0,"footnotes":""},"class_list":["post-258","page","type-page","status-publish","has-post-thumbnail","hentry"],"yoast_head":"<!-- This site is optimized with the Yoast SEO plugin v27.6 - https:\/\/yoast.com\/product\/yoast-seo-wordpress\/ -->\n<title>Konferenzen &amp; Kurse - Rosenborgs Friluftspensionat<\/title>\n<meta name=\"description\" content=\"Wenn Sie f\u00fcr Ihre Konferenz einen ruhigen Ort suchen, sind Sie bei uns richtig. Hier haben wir den einen perfekten Platz f\u00fcr Unternehmen, die sich etwas\" \/>\n<meta name=\"robots\" content=\"index, follow, max-snippet:-1, max-image-preview:large, max-video-preview:-1\" \/>\n<link rel=\"canonical\" href=\"https:\/\/www.rosenborgs.se\/de\/konferenzen-kurse\/\" \/>\n<meta property=\"og:locale\" content=\"de_DE\" \/>\n<meta property=\"og:type\" content=\"article\" \/>\n<meta property=\"og:title\" content=\"Konferenzen &amp; Kurse - Rosenborgs Friluftspensionat\" \/>\n<meta property=\"og:description\" content=\"Wenn Sie f\u00fcr Ihre Konferenz einen ruhigen Ort suchen, sind Sie bei uns richtig. Hier haben wir den einen perfekten Platz f\u00fcr Unternehmen, die sich etwas\" \/>\n<meta property=\"og:url\" content=\"https:\/\/www.rosenborgs.se\/de\/konferenzen-kurse\/\" \/>\n<meta property=\"og:site_name\" content=\"Rosenborgs Friluftspensionat\" \/>\n<meta property=\"article:modified_time\" content=\"2015-05-23T10:00:08+00:00\" \/>\n<meta property=\"og:image\" content=\"https:\/\/www.rosenborgs.se\/wp-content\/uploads\/2015\/05\/konferens.jpg\" \/>\n\t<meta property=\"og:image:width\" content=\"1024\" \/>\n\t<meta property=\"og:image:height\" content=\"325\" \/>\n\t<meta property=\"og:image:type\" content=\"image\/jpeg\" \/>\n<meta name=\"twitter:card\" content=\"summary_large_image\" \/>\n<meta name=\"twitter:label1\" content=\"Est. reading time\" \/>\n\t<meta name=\"twitter:data1\" content=\"1 Minute\" \/>\n<script type=\"application\/ld+json\" class=\"yoast-schema-graph\">{\"@context\":\"https:\\\/\\\/schema.org\",\"@graph\":[{\"@type\":\"WebPage\",\"@id\":\"https:\\\/\\\/www.rosenborgs.se\\\/de\\\/konferenzen-kurse\\\/\",\"url\":\"https:\\\/\\\/www.rosenborgs.se\\\/de\\\/konferenzen-kurse\\\/\",\"name\":\"Konferenzen & Kurse - Rosenborgs Friluftspensionat\",\"isPartOf\":{\"@id\":\"https:\\\/\\\/www.rosenborgs.se\\\/de\\\/#website\"},\"primaryImageOfPage\":{\"@id\":\"https:\\\/\\\/www.rosenborgs.se\\\/de\\\/konferenzen-kurse\\\/#primaryimage\"},\"image\":{\"@id\":\"https:\\\/\\\/www.rosenborgs.se\\\/de\\\/konferenzen-kurse\\\/#primaryimage\"},\"thumbnailUrl\":\"https:\\\/\\\/www.rosenborgs.se\\\/wp-content\\\/uploads\\\/2015\\\/05\\\/konferens.jpg\",\"datePublished\":\"2013-01-26T16:39:21+00:00\",\"dateModified\":\"2015-05-23T10:00:08+00:00\",\"description\":\"Wenn Sie f\u00fcr Ihre Konferenz einen ruhigen Ort suchen, sind Sie bei uns richtig. Hier haben wir den einen perfekten Platz f\u00fcr Unternehmen, die sich etwas\",\"breadcrumb\":{\"@id\":\"https:\\\/\\\/www.rosenborgs.se\\\/de\\\/konferenzen-kurse\\\/#breadcrumb\"},\"inLanguage\":\"de-DE\",\"potentialAction\":[{\"@type\":\"ReadAction\",\"target\":[\"https:\\\/\\\/www.rosenborgs.se\\\/de\\\/konferenzen-kurse\\\/\"]}]},{\"@type\":\"ImageObject\",\"inLanguage\":\"de-DE\",\"@id\":\"https:\\\/\\\/www.rosenborgs.se\\\/de\\\/konferenzen-kurse\\\/#primaryimage\",\"url\":\"https:\\\/\\\/www.rosenborgs.se\\\/wp-content\\\/uploads\\\/2015\\\/05\\\/konferens.jpg\",\"contentUrl\":\"https:\\\/\\\/www.rosenborgs.se\\\/wp-content\\\/uploads\\\/2015\\\/05\\\/konferens.jpg\",\"width\":1024,\"height\":325},{\"@type\":\"BreadcrumbList\",\"@id\":\"https:\\\/\\\/www.rosenborgs.se\\\/de\\\/konferenzen-kurse\\\/#breadcrumb\",\"itemListElement\":[{\"@type\":\"ListItem\",\"position\":1,\"name\":\"Home\",\"item\":\"https:\\\/\\\/www.rosenborgs.se\\\/de\\\/\"},{\"@type\":\"ListItem\",\"position\":2,\"name\":\"Konferenzen &#038; Kurse\"}]},{\"@type\":\"WebSite\",\"@id\":\"https:\\\/\\\/www.rosenborgs.se\\\/de\\\/#website\",\"url\":\"https:\\\/\\\/www.rosenborgs.se\\\/de\\\/\",\"name\":\"Rosenborgs Friluftspensionat\",\"description\":\"En till WordPress-webbplats\",\"potentialAction\":[{\"@type\":\"SearchAction\",\"target\":{\"@type\":\"EntryPoint\",\"urlTemplate\":\"https:\\\/\\\/www.rosenborgs.se\\\/de\\\/?s={search_term_string}\"},\"query-input\":{\"@type\":\"PropertyValueSpecification\",\"valueRequired\":true,\"valueName\":\"search_term_string\"}}],\"inLanguage\":\"de-DE\"}]}<\/script>\n<!-- \/ Yoast SEO plugin. -->","yoast_head_json":{"title":"Konferenzen & Kurse - Rosenborgs Friluftspensionat","description":"Wenn Sie f\u00fcr Ihre Konferenz einen ruhigen Ort suchen, sind Sie bei uns richtig. Hier haben wir den einen perfekten Platz f\u00fcr Unternehmen, die sich etwas","robots":{"index":"index","follow":"follow","max-snippet":"max-snippet:-1","max-image-preview":"max-image-preview:large","max-video-preview":"max-video-preview:-1"},"canonical":"https:\/\/www.rosenborgs.se\/de\/konferenzen-kurse\/","og_locale":"de_DE","og_type":"article","og_title":"Konferenzen & Kurse - Rosenborgs Friluftspensionat","og_description":"Wenn Sie f\u00fcr Ihre Konferenz einen ruhigen Ort suchen, sind Sie bei uns richtig. Hier haben wir den einen perfekten Platz f\u00fcr Unternehmen, die sich etwas","og_url":"https:\/\/www.rosenborgs.se\/de\/konferenzen-kurse\/","og_site_name":"Rosenborgs Friluftspensionat","article_modified_time":"2015-05-23T10:00:08+00:00","og_image":[{"width":1024,"height":325,"url":"https:\/\/www.rosenborgs.se\/wp-content\/uploads\/2015\/05\/konferens.jpg","type":"image\/jpeg"}],"twitter_card":"summary_large_image","twitter_misc":{"Est. reading time":"1 Minute"},"schema":{"@context":"https:\/\/schema.org","@graph":[{"@type":"WebPage","@id":"https:\/\/www.rosenborgs.se\/de\/konferenzen-kurse\/","url":"https:\/\/www.rosenborgs.se\/de\/konferenzen-kurse\/","name":"Konferenzen & Kurse - Rosenborgs Friluftspensionat","isPartOf":{"@id":"https:\/\/www.rosenborgs.se\/de\/#website"},"primaryImageOfPage":{"@id":"https:\/\/www.rosenborgs.se\/de\/konferenzen-kurse\/#primaryimage"},"image":{"@id":"https:\/\/www.rosenborgs.se\/de\/konferenzen-kurse\/#primaryimage"},"thumbnailUrl":"https:\/\/www.rosenborgs.se\/wp-content\/uploads\/2015\/05\/konferens.jpg","datePublished":"2013-01-26T16:39:21+00:00","dateModified":"2015-05-23T10:00:08+00:00","description":"Wenn Sie f\u00fcr Ihre Konferenz einen ruhigen Ort suchen, sind Sie bei uns richtig. Hier haben wir den einen perfekten Platz f\u00fcr Unternehmen, die sich etwas","breadcrumb":{"@id":"https:\/\/www.rosenborgs.se\/de\/konferenzen-kurse\/#breadcrumb"},"inLanguage":"de-DE","potentialAction":[{"@type":"ReadAction","target":["https:\/\/www.rosenborgs.se\/de\/konferenzen-kurse\/"]}]},{"@type":"ImageObject","inLanguage":"de-DE","@id":"https:\/\/www.rosenborgs.se\/de\/konferenzen-kurse\/#primaryimage","url":"https:\/\/www.rosenborgs.se\/wp-content\/uploads\/2015\/05\/konferens.jpg","contentUrl":"https:\/\/www.rosenborgs.se\/wp-content\/uploads\/2015\/05\/konferens.jpg","width":1024,"height":325},{"@type":"BreadcrumbList","@id":"https:\/\/www.rosenborgs.se\/de\/konferenzen-kurse\/#breadcrumb","itemListElement":[{"@type":"ListItem","position":1,"name":"Home","item":"https:\/\/www.rosenborgs.se\/de\/"},{"@type":"ListItem","position":2,"name":"Konferenzen &#038; Kurse"}]},{"@type":"WebSite","@id":"https:\/\/www.rosenborgs.se\/de\/#website","url":"https:\/\/www.rosenborgs.se\/de\/","name":"Rosenborgs Friluftspensionat","description":"En till WordPress-webbplats","potentialAction":[{"@type":"SearchAction","target":{"@type":"EntryPoint","urlTemplate":"https:\/\/www.rosenborgs.se\/de\/?s={search_term_string}"},"query-input":{"@type":"PropertyValueSpecification","valueRequired":true,"valueName":"search_term_string"}}],"inLanguage":"de-DE"}]}},"_links":{"self":[{"href":"https:\/\/www.rosenborgs.se\/de\/wp-json\/wp\/v2\/pages\/258","targetHints":{"allow":["GET"]}}],"collection":[{"href":"https:\/\/www.rosenborgs.se\/de\/wp-json\/wp\/v2\/pages"}],"about":[{"href":"https:\/\/www.rosenborgs.se\/de\/wp-json\/wp\/v2\/types\/page"}],"author":[{"embeddable":true,"href":"https:\/\/www.rosenborgs.se\/de\/wp-json\/wp\/v2\/users\/3"}],"replies":[{"embeddable":true,"href":"https:\/\/www.rosenborgs.se\/de\/wp-json\/wp\/v2\/comments?post=258"}],"version-history":[{"count":0,"href":"https:\/\/www.rosenborgs.se\/de\/wp-json\/wp\/v2\/pages\/258\/revisions"}],"wp:featuredmedia":[{"embeddable":true,"href":"https:\/\/www.rosenborgs.se\/de\/wp-json\/wp\/v2\/media\/634"}],"wp:attachment":[{"href":"https:\/\/www.rosenborgs.se\/de\/wp-json\/wp\/v2\/media?parent=258"}],"curies":[{"name":"wp","href":"https:\/\/api.w.org\/{rel}","templated":true}]}}