{"id":253,"date":"2013-01-26T17:33:33","date_gmt":"2013-01-26T16:33:33","guid":{"rendered":"https:\/\/rosenborgsse.wpengine.com\/_ny\/?page_id=253"},"modified":"2013-01-26T20:48:49","modified_gmt":"2013-01-26T19:48:49","slug":"fuhrungen-vortrage","status":"publish","type":"page","link":"https:\/\/www.rosenborgs.se\/de\/fuhrungen-vortrage\/","title":{"rendered":"F\u00fchrungen &#038; Vortr\u00e4ge"},"content":{"rendered":"<p>Thorsten Jansson signiert seine neuen B\u00fccher<\/p>\n<p>Blomstervandringar und\u00a0Str\u00f6vt\u00e5g p\u00e5 Stora Alvaret (neue Auflage)<\/p>\n<p>in Rosenborgs Friluftspensionat, Sonntag, 8. Mai, 10-12 Uhr.<\/p>\n<p>6.5., 18 Uhr, Fr\u00fchling in Borgs Wiesen. Wanderung von Rosenborg durch das Mittland bis in das Dorf Borg und dessen Wiesen. Circa zwei Stunden.<\/p>\n<p>Leiter: Thorsten Jansson.<\/p>\n<p>Nehmen Sie Proviant und Gummistiefel mit.<\/p>\n<p>Geb\u00fchr 100 Kronen.<\/p>\n<p>0046-70\/6749899.<\/p>\n<p>&nbsp;<\/p>\n<p>22.5., 10 Uhr, Wer war Bogislav?<\/p>\n<p>Wanderung von Rosenborg zu Bogislavs Grab und Hausresten im Mittland. Circa drei Stunden.<\/p>\n<p>Nehmen Sie Proviant und Gummistiefel mit.<\/p>\n<p>Leiter: Thorsten Jansson.<\/p>\n<p>Geb\u00fchr 100 Kronen<\/p>\n<p>0046-\u00a070\/6749899<\/p>\n<p>&nbsp;<\/p>\n<p>15.6., 18 Uhr, Die Wiesen bl\u00fchen<\/p>\n<p>Wanderung von Rosenborg durch das Mittland zu Borgs Wiesen, circa 2 Stunden.<\/p>\n<p>Nehmen Sie Proviant und Gummistiefel mit.<\/p>\n<p>Leiter: Thorsten Jansson.<\/p>\n<p>Geb\u00fchr 100 Kronen<\/p>\n<p>0046-\u00a070\/6749899<\/p>\n<p>&nbsp;<\/p>\n<p>26.6., 10 Uhr,\u00a0Wer war Bogislav?<\/p>\n<p>Wanderung von Rosenborg zu Bogislavs Grab und Hausresten im Mittland. Circa drei Stunden.<\/p>\n<p>Nehmen Sie Proviant und Gummistiefel mit.<\/p>\n<p>Leiter: Thorsten Jansson.<\/p>\n<p>Geb\u00fchr 100 Kronen<\/p>\n<p>0046-\u00a070\/6749899<\/p>\n<p>10.7., 10 Uhr, 10\/7 kl 10.\u00a0Wanderung von Rosenborg durch das Mittland bis in das Dorf Borg und dessen Wiesen. Circa zwei Stunden.<\/p>\n<p>Leiter: Thorsten Jansson.<\/p>\n<p>Nehmen Sie Proviant und Gummistiefel mit.<\/p>\n<p>Geb\u00fchr 100 Kronen.<\/p>\n<p>0046-70\/6749899.<\/p>\n","protected":false},"excerpt":{"rendered":"<p>Thorsten Jansson signiert seine neuen B\u00fccher Blomstervandringar und\u00a0Str\u00f6vt\u00e5g p\u00e5 Stora Alvaret (neue Auflage) in Rosenborgs Friluftspensionat, Sonntag, 8. Mai, 10-12 Uhr. 6.5., 18 Uhr, Fr\u00fchling in Borgs Wiesen. Wanderung von Rosenborg durch das Mittland bis in das Dorf Borg und dessen Wiesen. Circa zwei Stunden. Leiter: Thorsten Jansson. Nehmen Sie Proviant und Gummistiefel mit. Geb\u00fchr [&hellip;]<\/p>\n","protected":false},"author":3,"featured_media":0,"parent":0,"menu_order":0,"comment_status":"open","ping_status":"open","template":"","meta":{"_monsterinsights_skip_tracking":false,"_monsterinsights_sitenote_active":false,"_monsterinsights_sitenote_note":"","_monsterinsights_sitenote_category":0,"footnotes":""},"class_list":["post-253","page","type-page","status-publish","hentry"],"yoast_head":"<!-- This site is optimized with the Yoast SEO plugin v27.5 - https:\/\/yoast.com\/product\/yoast-seo-wordpress\/ -->\n<title>F\u00fchrungen &amp; Vortr\u00e4ge - Rosenborgs Friluftspensionat<\/title>\n<meta name=\"description\" content=\"Thorsten Jansson signiert seine neuen B\u00fccher Blomstervandringar und\u00a0Str\u00f6vt\u00e5g p\u00e5 Stora Alvaret (neue Auflage) in Rosenborgs Friluftspensionat, Sonntag, 8.\" \/>\n<meta name=\"robots\" content=\"index, follow, max-snippet:-1, max-image-preview:large, max-video-preview:-1\" \/>\n<link rel=\"canonical\" href=\"https:\/\/www.rosenborgs.se\/de\/fuhrungen-vortrage\/\" \/>\n<meta property=\"og:locale\" content=\"de_DE\" \/>\n<meta property=\"og:type\" content=\"article\" \/>\n<meta property=\"og:title\" content=\"F\u00fchrungen &amp; Vortr\u00e4ge - Rosenborgs Friluftspensionat\" \/>\n<meta property=\"og:description\" content=\"Thorsten Jansson signiert seine neuen B\u00fccher Blomstervandringar und\u00a0Str\u00f6vt\u00e5g p\u00e5 Stora Alvaret (neue Auflage) in Rosenborgs Friluftspensionat, Sonntag, 8.\" \/>\n<meta property=\"og:url\" content=\"https:\/\/www.rosenborgs.se\/de\/fuhrungen-vortrage\/\" \/>\n<meta property=\"og:site_name\" content=\"Rosenborgs Friluftspensionat\" \/>\n<meta property=\"article:modified_time\" content=\"2013-01-26T19:48:49+00:00\" \/>\n<meta name=\"twitter:card\" content=\"summary_large_image\" \/>\n<meta name=\"twitter:label1\" content=\"Est. reading time\" \/>\n\t<meta name=\"twitter:data1\" content=\"1 Minute\" \/>\n<script type=\"application\/ld+json\" class=\"yoast-schema-graph\">{\"@context\":\"https:\\\/\\\/schema.org\",\"@graph\":[{\"@type\":\"WebPage\",\"@id\":\"https:\\\/\\\/www.rosenborgs.se\\\/de\\\/fuhrungen-vortrage\\\/\",\"url\":\"https:\\\/\\\/www.rosenborgs.se\\\/de\\\/fuhrungen-vortrage\\\/\",\"name\":\"F\u00fchrungen & Vortr\u00e4ge - Rosenborgs Friluftspensionat\",\"isPartOf\":{\"@id\":\"https:\\\/\\\/www.rosenborgs.se\\\/de\\\/#website\"},\"datePublished\":\"2013-01-26T16:33:33+00:00\",\"dateModified\":\"2013-01-26T19:48:49+00:00\",\"description\":\"Thorsten Jansson signiert seine neuen B\u00fccher Blomstervandringar und\u00a0Str\u00f6vt\u00e5g p\u00e5 Stora Alvaret (neue Auflage) in Rosenborgs Friluftspensionat, Sonntag, 8.\",\"breadcrumb\":{\"@id\":\"https:\\\/\\\/www.rosenborgs.se\\\/de\\\/fuhrungen-vortrage\\\/#breadcrumb\"},\"inLanguage\":\"de-DE\",\"potentialAction\":[{\"@type\":\"ReadAction\",\"target\":[\"https:\\\/\\\/www.rosenborgs.se\\\/de\\\/fuhrungen-vortrage\\\/\"]}]},{\"@type\":\"BreadcrumbList\",\"@id\":\"https:\\\/\\\/www.rosenborgs.se\\\/de\\\/fuhrungen-vortrage\\\/#breadcrumb\",\"itemListElement\":[{\"@type\":\"ListItem\",\"position\":1,\"name\":\"Home\",\"item\":\"https:\\\/\\\/www.rosenborgs.se\\\/de\\\/\"},{\"@type\":\"ListItem\",\"position\":2,\"name\":\"F\u00fchrungen &#038; Vortr\u00e4ge\"}]},{\"@type\":\"WebSite\",\"@id\":\"https:\\\/\\\/www.rosenborgs.se\\\/de\\\/#website\",\"url\":\"https:\\\/\\\/www.rosenborgs.se\\\/de\\\/\",\"name\":\"Rosenborgs Friluftspensionat\",\"description\":\"En till WordPress-webbplats\",\"potentialAction\":[{\"@type\":\"SearchAction\",\"target\":{\"@type\":\"EntryPoint\",\"urlTemplate\":\"https:\\\/\\\/www.rosenborgs.se\\\/de\\\/?s={search_term_string}\"},\"query-input\":{\"@type\":\"PropertyValueSpecification\",\"valueRequired\":true,\"valueName\":\"search_term_string\"}}],\"inLanguage\":\"de-DE\"}]}<\/script>\n<!-- \/ Yoast SEO plugin. -->","yoast_head_json":{"title":"F\u00fchrungen & Vortr\u00e4ge - Rosenborgs Friluftspensionat","description":"Thorsten Jansson signiert seine neuen B\u00fccher Blomstervandringar und\u00a0Str\u00f6vt\u00e5g p\u00e5 Stora Alvaret (neue Auflage) in Rosenborgs Friluftspensionat, Sonntag, 8.","robots":{"index":"index","follow":"follow","max-snippet":"max-snippet:-1","max-image-preview":"max-image-preview:large","max-video-preview":"max-video-preview:-1"},"canonical":"https:\/\/www.rosenborgs.se\/de\/fuhrungen-vortrage\/","og_locale":"de_DE","og_type":"article","og_title":"F\u00fchrungen & Vortr\u00e4ge - Rosenborgs Friluftspensionat","og_description":"Thorsten Jansson signiert seine neuen B\u00fccher Blomstervandringar und\u00a0Str\u00f6vt\u00e5g p\u00e5 Stora Alvaret (neue Auflage) in Rosenborgs Friluftspensionat, Sonntag, 8.","og_url":"https:\/\/www.rosenborgs.se\/de\/fuhrungen-vortrage\/","og_site_name":"Rosenborgs Friluftspensionat","article_modified_time":"2013-01-26T19:48:49+00:00","twitter_card":"summary_large_image","twitter_misc":{"Est. reading time":"1 Minute"},"schema":{"@context":"https:\/\/schema.org","@graph":[{"@type":"WebPage","@id":"https:\/\/www.rosenborgs.se\/de\/fuhrungen-vortrage\/","url":"https:\/\/www.rosenborgs.se\/de\/fuhrungen-vortrage\/","name":"F\u00fchrungen & Vortr\u00e4ge - Rosenborgs Friluftspensionat","isPartOf":{"@id":"https:\/\/www.rosenborgs.se\/de\/#website"},"datePublished":"2013-01-26T16:33:33+00:00","dateModified":"2013-01-26T19:48:49+00:00","description":"Thorsten Jansson signiert seine neuen B\u00fccher Blomstervandringar und\u00a0Str\u00f6vt\u00e5g p\u00e5 Stora Alvaret (neue Auflage) in Rosenborgs Friluftspensionat, Sonntag, 8.","breadcrumb":{"@id":"https:\/\/www.rosenborgs.se\/de\/fuhrungen-vortrage\/#breadcrumb"},"inLanguage":"de-DE","potentialAction":[{"@type":"ReadAction","target":["https:\/\/www.rosenborgs.se\/de\/fuhrungen-vortrage\/"]}]},{"@type":"BreadcrumbList","@id":"https:\/\/www.rosenborgs.se\/de\/fuhrungen-vortrage\/#breadcrumb","itemListElement":[{"@type":"ListItem","position":1,"name":"Home","item":"https:\/\/www.rosenborgs.se\/de\/"},{"@type":"ListItem","position":2,"name":"F\u00fchrungen &#038; Vortr\u00e4ge"}]},{"@type":"WebSite","@id":"https:\/\/www.rosenborgs.se\/de\/#website","url":"https:\/\/www.rosenborgs.se\/de\/","name":"Rosenborgs Friluftspensionat","description":"En till WordPress-webbplats","potentialAction":[{"@type":"SearchAction","target":{"@type":"EntryPoint","urlTemplate":"https:\/\/www.rosenborgs.se\/de\/?s={search_term_string}"},"query-input":{"@type":"PropertyValueSpecification","valueRequired":true,"valueName":"search_term_string"}}],"inLanguage":"de-DE"}]}},"_links":{"self":[{"href":"https:\/\/www.rosenborgs.se\/de\/wp-json\/wp\/v2\/pages\/253","targetHints":{"allow":["GET"]}}],"collection":[{"href":"https:\/\/www.rosenborgs.se\/de\/wp-json\/wp\/v2\/pages"}],"about":[{"href":"https:\/\/www.rosenborgs.se\/de\/wp-json\/wp\/v2\/types\/page"}],"author":[{"embeddable":true,"href":"https:\/\/www.rosenborgs.se\/de\/wp-json\/wp\/v2\/users\/3"}],"replies":[{"embeddable":true,"href":"https:\/\/www.rosenborgs.se\/de\/wp-json\/wp\/v2\/comments?post=253"}],"version-history":[{"count":0,"href":"https:\/\/www.rosenborgs.se\/de\/wp-json\/wp\/v2\/pages\/253\/revisions"}],"wp:attachment":[{"href":"https:\/\/www.rosenborgs.se\/de\/wp-json\/wp\/v2\/media?parent=253"}],"curies":[{"name":"wp","href":"https:\/\/api.w.org\/{rel}","templated":true}]}}