{"id":251,"date":"2013-01-26T17:32:24","date_gmt":"2013-01-26T16:32:24","guid":{"rendered":"https:\/\/rosenborgsse.wpengine.com\/_ny\/?page_id=251"},"modified":"2015-11-14T08:16:02","modified_gmt":"2015-11-14T07:16:02","slug":"die-geschichte-des-hofes","status":"publish","type":"page","link":"https:\/\/www.rosenborgs.se\/de\/die-geschichte-des-hofes\/","title":{"rendered":"Die Geschichte des Hofes"},"content":{"rendered":"<p>Rosenborg ist ein typischer alter \u00d6landshof. Laut alter Unterlagen wurde der Hof 1758 gegr\u00fcndet, am Rande der damaligen Besiedelung.<\/p>\n<p>Der Hof war bis 1954 in Familienbesitz. Einige Jahre lang war er in zwei Einheiten geteilt, den S\u00fcdhof und den Nordhof, wurde dann aber wieder zu einem\u00a0 grossen Hof zusammengeschlagen. Der Hof liegt in der Gemeinde Algutsrum, in M\u00f6rbyl\u00e5nga Kommun, aber grenzt an die Gemeinde Runsten im Norden und Norra M\u00f6ckleby im Osten an.<\/p>\n<p>\u00d6land ist seit langer Zeit bekannt f\u00fcr seine Pferdezucht und laut der alten Dokumente gab es auf Rosenborg elf Pferde. Als wir Rosenborg im Jahr 1965 \u00fcbernahmen, gab es aber nur noch K\u00fche auf dem Hof, und seitdem wurde das Ackerland verpachtet, bis 2011. Ab diesem Jahr werden unsere \u00c4cker nicht mehr bewirtschaftet, sondern stehen den wilden Tieren\u00a0 frei zur Verf\u00fcgung.<\/p>\n<p>Fr\u00fcher war es auf Rosenborg sehr belegt, da dort sehr viele Menschen wohnten, die auf dem Hof und in den umliegenden D\u00f6rfern arbeiteten. In einem\u00a0 der Nachbarh\u00e4user, das Marstrand genannt wird, wohnte ein Paar aussergew\u00f6hnlich starke und grosse Zwillinge, die in der ganzen Gegend f\u00fcr ihre St\u00e4rke und ihren Arbeitseifer bekannt waren.<\/p>\n<p>Die Windm\u00fchle, die heute in dem alten Garten (dem fr\u00fcheren S\u00fcdgarten) steht, stand erst in Jordtorp, wurde dann nach Norra M\u00f6ckleby versetzt und dann nach Rosenborg. Dort stand er westlich des Wohnhauses und wurde bis in die 1940er Kriegsjahre benutzt, wurde danach aber verfallen gelassen. 1989 wurde die M\u00fchle auf ihren heutigen Platz versetzt und von aussen renoviert. Das Innere der M\u00fchle war intakt,\u00a0 wie meistens bei den Windm\u00fchlen. Das \u00d6l\u00e4ndische M\u00fchlenkommitee bezuschusste die Renovierung der M\u00fchle.<\/p>\n<p>&nbsp;<\/p>\n<p>Hinter dem Friluftspensionat liegt eine kleine Schmiede, die fr\u00fcher fleissig in Gebrauch war. Beispielsweise das Gel\u00e4nder um den Kirchturm der Kirche in Algutsrumwurde hier in Rosenborg geschmiedet. Nachdem die Schmiede erst verfallen lassen wurde, nutzen wir sie heute als Grillh\u00e4uschen.<\/p>\n<p>Den ehemaligen Kuhstall haben wir jetzt zum Friluftspensionat umgebaut und das alte Strohdach unter anderem aus Brandschutzgr\u00fcnden mit einem Metalldach ersetzt.<\/p>\n","protected":false},"excerpt":{"rendered":"<p>Rosenborg ist ein typischer alter \u00d6landshof. Laut alter Unterlagen wurde der Hof 1758 gegr\u00fcndet, am Rande der damaligen Besiedelung. Der Hof war bis 1954 in Familienbesitz. Einige Jahre lang war er in zwei Einheiten geteilt, den S\u00fcdhof und den Nordhof, wurde dann aber wieder zu einem\u00a0 grossen Hof zusammengeschlagen. Der Hof liegt in der Gemeinde [&hellip;]<\/p>\n","protected":false},"author":3,"featured_media":701,"parent":0,"menu_order":0,"comment_status":"open","ping_status":"open","template":"","meta":{"_monsterinsights_skip_tracking":false,"_monsterinsights_sitenote_active":false,"_monsterinsights_sitenote_note":"","_monsterinsights_sitenote_category":0,"footnotes":""},"class_list":["post-251","page","type-page","status-publish","has-post-thumbnail","hentry"],"yoast_head":"<!-- This site is optimized with the Yoast SEO plugin v27.5 - https:\/\/yoast.com\/product\/yoast-seo-wordpress\/ -->\n<title>Die Geschichte des Hofes - Rosenborgs Friluftspensionat<\/title>\n<meta name=\"description\" content=\"Rosenborg ist ein typischer alter \u00d6landshof. Laut alter Unterlagen wurde der Hof 1758 gegr\u00fcndet, am Rande der damaligen Besiedelung. Der Hof war bis 1954\" \/>\n<meta name=\"robots\" content=\"index, follow, max-snippet:-1, max-image-preview:large, max-video-preview:-1\" \/>\n<link rel=\"canonical\" href=\"https:\/\/www.rosenborgs.se\/de\/die-geschichte-des-hofes\/\" \/>\n<meta property=\"og:locale\" content=\"de_DE\" \/>\n<meta property=\"og:type\" content=\"article\" \/>\n<meta property=\"og:title\" content=\"Die Geschichte des Hofes - Rosenborgs Friluftspensionat\" \/>\n<meta property=\"og:description\" content=\"Rosenborg ist ein typischer alter \u00d6landshof. Laut alter Unterlagen wurde der Hof 1758 gegr\u00fcndet, am Rande der damaligen Besiedelung. Der Hof war bis 1954\" \/>\n<meta property=\"og:url\" content=\"https:\/\/www.rosenborgs.se\/de\/die-geschichte-des-hofes\/\" \/>\n<meta property=\"og:site_name\" content=\"Rosenborgs Friluftspensionat\" \/>\n<meta property=\"article:modified_time\" content=\"2015-11-14T07:16:02+00:00\" \/>\n<meta property=\"og:image\" content=\"https:\/\/www.rosenborgs.se\/wp-content\/uploads\/2015\/11\/DSC_2271.jpg\" \/>\n\t<meta property=\"og:image:width\" content=\"1024\" \/>\n\t<meta property=\"og:image:height\" content=\"319\" \/>\n\t<meta property=\"og:image:type\" content=\"image\/jpeg\" \/>\n<meta name=\"twitter:card\" content=\"summary_large_image\" \/>\n<meta name=\"twitter:label1\" content=\"Est. reading time\" \/>\n\t<meta name=\"twitter:data1\" content=\"2 Minuten\" \/>\n<script type=\"application\/ld+json\" class=\"yoast-schema-graph\">{\"@context\":\"https:\\\/\\\/schema.org\",\"@graph\":[{\"@type\":\"WebPage\",\"@id\":\"https:\\\/\\\/www.rosenborgs.se\\\/de\\\/die-geschichte-des-hofes\\\/\",\"url\":\"https:\\\/\\\/www.rosenborgs.se\\\/de\\\/die-geschichte-des-hofes\\\/\",\"name\":\"Die Geschichte des Hofes - Rosenborgs Friluftspensionat\",\"isPartOf\":{\"@id\":\"https:\\\/\\\/www.rosenborgs.se\\\/de\\\/#website\"},\"primaryImageOfPage\":{\"@id\":\"https:\\\/\\\/www.rosenborgs.se\\\/de\\\/die-geschichte-des-hofes\\\/#primaryimage\"},\"image\":{\"@id\":\"https:\\\/\\\/www.rosenborgs.se\\\/de\\\/die-geschichte-des-hofes\\\/#primaryimage\"},\"thumbnailUrl\":\"https:\\\/\\\/www.rosenborgs.se\\\/wp-content\\\/uploads\\\/2015\\\/11\\\/DSC_2271.jpg\",\"datePublished\":\"2013-01-26T16:32:24+00:00\",\"dateModified\":\"2015-11-14T07:16:02+00:00\",\"description\":\"Rosenborg ist ein typischer alter \u00d6landshof. Laut alter Unterlagen wurde der Hof 1758 gegr\u00fcndet, am Rande der damaligen Besiedelung. Der Hof war bis 1954\",\"breadcrumb\":{\"@id\":\"https:\\\/\\\/www.rosenborgs.se\\\/de\\\/die-geschichte-des-hofes\\\/#breadcrumb\"},\"inLanguage\":\"de-DE\",\"potentialAction\":[{\"@type\":\"ReadAction\",\"target\":[\"https:\\\/\\\/www.rosenborgs.se\\\/de\\\/die-geschichte-des-hofes\\\/\"]}]},{\"@type\":\"ImageObject\",\"inLanguage\":\"de-DE\",\"@id\":\"https:\\\/\\\/www.rosenborgs.se\\\/de\\\/die-geschichte-des-hofes\\\/#primaryimage\",\"url\":\"https:\\\/\\\/www.rosenborgs.se\\\/wp-content\\\/uploads\\\/2015\\\/11\\\/DSC_2271.jpg\",\"contentUrl\":\"https:\\\/\\\/www.rosenborgs.se\\\/wp-content\\\/uploads\\\/2015\\\/11\\\/DSC_2271.jpg\",\"width\":1024,\"height\":319},{\"@type\":\"BreadcrumbList\",\"@id\":\"https:\\\/\\\/www.rosenborgs.se\\\/de\\\/die-geschichte-des-hofes\\\/#breadcrumb\",\"itemListElement\":[{\"@type\":\"ListItem\",\"position\":1,\"name\":\"Home\",\"item\":\"https:\\\/\\\/www.rosenborgs.se\\\/de\\\/\"},{\"@type\":\"ListItem\",\"position\":2,\"name\":\"Die Geschichte des Hofes\"}]},{\"@type\":\"WebSite\",\"@id\":\"https:\\\/\\\/www.rosenborgs.se\\\/de\\\/#website\",\"url\":\"https:\\\/\\\/www.rosenborgs.se\\\/de\\\/\",\"name\":\"Rosenborgs Friluftspensionat\",\"description\":\"En till WordPress-webbplats\",\"potentialAction\":[{\"@type\":\"SearchAction\",\"target\":{\"@type\":\"EntryPoint\",\"urlTemplate\":\"https:\\\/\\\/www.rosenborgs.se\\\/de\\\/?s={search_term_string}\"},\"query-input\":{\"@type\":\"PropertyValueSpecification\",\"valueRequired\":true,\"valueName\":\"search_term_string\"}}],\"inLanguage\":\"de-DE\"}]}<\/script>\n<!-- \/ Yoast SEO plugin. -->","yoast_head_json":{"title":"Die Geschichte des Hofes - Rosenborgs Friluftspensionat","description":"Rosenborg ist ein typischer alter \u00d6landshof. Laut alter Unterlagen wurde der Hof 1758 gegr\u00fcndet, am Rande der damaligen Besiedelung. Der Hof war bis 1954","robots":{"index":"index","follow":"follow","max-snippet":"max-snippet:-1","max-image-preview":"max-image-preview:large","max-video-preview":"max-video-preview:-1"},"canonical":"https:\/\/www.rosenborgs.se\/de\/die-geschichte-des-hofes\/","og_locale":"de_DE","og_type":"article","og_title":"Die Geschichte des Hofes - Rosenborgs Friluftspensionat","og_description":"Rosenborg ist ein typischer alter \u00d6landshof. Laut alter Unterlagen wurde der Hof 1758 gegr\u00fcndet, am Rande der damaligen Besiedelung. Der Hof war bis 1954","og_url":"https:\/\/www.rosenborgs.se\/de\/die-geschichte-des-hofes\/","og_site_name":"Rosenborgs Friluftspensionat","article_modified_time":"2015-11-14T07:16:02+00:00","og_image":[{"width":1024,"height":319,"url":"https:\/\/www.rosenborgs.se\/wp-content\/uploads\/2015\/11\/DSC_2271.jpg","type":"image\/jpeg"}],"twitter_card":"summary_large_image","twitter_misc":{"Est. reading time":"2 Minuten"},"schema":{"@context":"https:\/\/schema.org","@graph":[{"@type":"WebPage","@id":"https:\/\/www.rosenborgs.se\/de\/die-geschichte-des-hofes\/","url":"https:\/\/www.rosenborgs.se\/de\/die-geschichte-des-hofes\/","name":"Die Geschichte des Hofes - Rosenborgs Friluftspensionat","isPartOf":{"@id":"https:\/\/www.rosenborgs.se\/de\/#website"},"primaryImageOfPage":{"@id":"https:\/\/www.rosenborgs.se\/de\/die-geschichte-des-hofes\/#primaryimage"},"image":{"@id":"https:\/\/www.rosenborgs.se\/de\/die-geschichte-des-hofes\/#primaryimage"},"thumbnailUrl":"https:\/\/www.rosenborgs.se\/wp-content\/uploads\/2015\/11\/DSC_2271.jpg","datePublished":"2013-01-26T16:32:24+00:00","dateModified":"2015-11-14T07:16:02+00:00","description":"Rosenborg ist ein typischer alter \u00d6landshof. Laut alter Unterlagen wurde der Hof 1758 gegr\u00fcndet, am Rande der damaligen Besiedelung. Der Hof war bis 1954","breadcrumb":{"@id":"https:\/\/www.rosenborgs.se\/de\/die-geschichte-des-hofes\/#breadcrumb"},"inLanguage":"de-DE","potentialAction":[{"@type":"ReadAction","target":["https:\/\/www.rosenborgs.se\/de\/die-geschichte-des-hofes\/"]}]},{"@type":"ImageObject","inLanguage":"de-DE","@id":"https:\/\/www.rosenborgs.se\/de\/die-geschichte-des-hofes\/#primaryimage","url":"https:\/\/www.rosenborgs.se\/wp-content\/uploads\/2015\/11\/DSC_2271.jpg","contentUrl":"https:\/\/www.rosenborgs.se\/wp-content\/uploads\/2015\/11\/DSC_2271.jpg","width":1024,"height":319},{"@type":"BreadcrumbList","@id":"https:\/\/www.rosenborgs.se\/de\/die-geschichte-des-hofes\/#breadcrumb","itemListElement":[{"@type":"ListItem","position":1,"name":"Home","item":"https:\/\/www.rosenborgs.se\/de\/"},{"@type":"ListItem","position":2,"name":"Die Geschichte des Hofes"}]},{"@type":"WebSite","@id":"https:\/\/www.rosenborgs.se\/de\/#website","url":"https:\/\/www.rosenborgs.se\/de\/","name":"Rosenborgs Friluftspensionat","description":"En till WordPress-webbplats","potentialAction":[{"@type":"SearchAction","target":{"@type":"EntryPoint","urlTemplate":"https:\/\/www.rosenborgs.se\/de\/?s={search_term_string}"},"query-input":{"@type":"PropertyValueSpecification","valueRequired":true,"valueName":"search_term_string"}}],"inLanguage":"de-DE"}]}},"_links":{"self":[{"href":"https:\/\/www.rosenborgs.se\/de\/wp-json\/wp\/v2\/pages\/251","targetHints":{"allow":["GET"]}}],"collection":[{"href":"https:\/\/www.rosenborgs.se\/de\/wp-json\/wp\/v2\/pages"}],"about":[{"href":"https:\/\/www.rosenborgs.se\/de\/wp-json\/wp\/v2\/types\/page"}],"author":[{"embeddable":true,"href":"https:\/\/www.rosenborgs.se\/de\/wp-json\/wp\/v2\/users\/3"}],"replies":[{"embeddable":true,"href":"https:\/\/www.rosenborgs.se\/de\/wp-json\/wp\/v2\/comments?post=251"}],"version-history":[{"count":0,"href":"https:\/\/www.rosenborgs.se\/de\/wp-json\/wp\/v2\/pages\/251\/revisions"}],"wp:featuredmedia":[{"embeddable":true,"href":"https:\/\/www.rosenborgs.se\/de\/wp-json\/wp\/v2\/media\/701"}],"wp:attachment":[{"href":"https:\/\/www.rosenborgs.se\/de\/wp-json\/wp\/v2\/media?parent=251"}],"curies":[{"name":"wp","href":"https:\/\/api.w.org\/{rel}","templated":true}]}}