{"id":249,"date":"2013-01-26T17:30:56","date_gmt":"2013-01-26T16:30:56","guid":{"rendered":"https:\/\/rosenborgsse.wpengine.com\/_ny\/?page_id=249"},"modified":"2015-11-14T08:23:29","modified_gmt":"2015-11-14T07:23:29","slug":"veranstaltungsraume","status":"publish","type":"page","link":"https:\/\/www.rosenborgs.se\/de\/veranstaltungsraume\/","title":{"rendered":"Veranstaltungsr\u00e4ume"},"content":{"rendered":"<p>Wir organisieren Ihr Fest gemeinsam mit Ihnen! Wir haben einzigartige und gem\u00fctliche Veranstaltungsr\u00e4ume, Sie haben Ihre Tr\u00e4ume und Ideen. Wir haben 38 Schlafpl\u00e4tze und k\u00f6nnen acht weitere Schlafpl\u00e4tze im Fahrradabstand organisieren. In den Veranstaltungsr\u00e4umen finden 70 bzw. 55 Personen Platz, im Sommer k\u00f6nnen Sie auch in unserem herrlichen Garten feiern.<\/p>\n<p>Hier sind Sie und Ihre G\u00e4ste ganz unter sich. Sie mieten das ganze Friluftspensionat! Der perfekte Ort f\u00fcr ein kleines oder grosses Fest.<\/p>\n<p>Abh\u00e4ngig davon wie sie Ihr Fest gestalten wollen, k\u00f6nnen wir Gruppen von maximal 100 Personen aufnehmen.<\/p>\n<p>Haben Sie Fragen? Rufen Sie an oder kommen Sie vorbei, dann k\u00f6nnen wir Ihnen Vorschl\u00e4ge machen.<\/p>\n","protected":false},"excerpt":{"rendered":"<p>Wir organisieren Ihr Fest gemeinsam mit Ihnen! Wir haben einzigartige und gem\u00fctliche Veranstaltungsr\u00e4ume, Sie haben Ihre Tr\u00e4ume und Ideen. Wir haben 38 Schlafpl\u00e4tze und k\u00f6nnen acht weitere Schlafpl\u00e4tze im Fahrradabstand organisieren. In den Veranstaltungsr\u00e4umen finden 70 bzw. 55 Personen Platz, im Sommer k\u00f6nnen Sie auch in unserem herrlichen Garten feiern. Hier sind Sie und Ihre [&hellip;]<\/p>\n","protected":false},"author":3,"featured_media":710,"parent":0,"menu_order":0,"comment_status":"open","ping_status":"open","template":"","meta":{"_monsterinsights_skip_tracking":false,"_monsterinsights_sitenote_active":false,"_monsterinsights_sitenote_note":"","_monsterinsights_sitenote_category":0,"footnotes":""},"class_list":["post-249","page","type-page","status-publish","has-post-thumbnail","hentry"],"yoast_head":"<!-- This site is optimized with the Yoast SEO plugin v27.4 - https:\/\/yoast.com\/product\/yoast-seo-wordpress\/ -->\n<title>Veranstaltungsr\u00e4ume - Rosenborgs Friluftspensionat<\/title>\n<meta name=\"description\" content=\"Wir organisieren Ihr Fest gemeinsam mit Ihnen! Wir haben einzigartige und gem\u00fctliche Veranstaltungsr\u00e4ume, Sie haben Ihre Tr\u00e4ume und Ideen. Wir haben 38\" \/>\n<meta name=\"robots\" content=\"index, follow, max-snippet:-1, max-image-preview:large, max-video-preview:-1\" \/>\n<link rel=\"canonical\" href=\"https:\/\/www.rosenborgs.se\/de\/veranstaltungsraume\/\" \/>\n<meta property=\"og:locale\" content=\"de_DE\" \/>\n<meta property=\"og:type\" content=\"article\" \/>\n<meta property=\"og:title\" content=\"Veranstaltungsr\u00e4ume - Rosenborgs Friluftspensionat\" \/>\n<meta property=\"og:description\" content=\"Wir organisieren Ihr Fest gemeinsam mit Ihnen! Wir haben einzigartige und gem\u00fctliche Veranstaltungsr\u00e4ume, Sie haben Ihre Tr\u00e4ume und Ideen. Wir haben 38\" \/>\n<meta property=\"og:url\" content=\"https:\/\/www.rosenborgs.se\/de\/veranstaltungsraume\/\" \/>\n<meta property=\"og:site_name\" content=\"Rosenborgs Friluftspensionat\" \/>\n<meta property=\"article:modified_time\" content=\"2015-11-14T07:23:29+00:00\" \/>\n<meta property=\"og:image\" content=\"https:\/\/www.rosenborgs.se\/wp-content\/uploads\/2015\/11\/fest.jpg\" \/>\n\t<meta property=\"og:image:width\" content=\"960\" \/>\n\t<meta property=\"og:image:height\" content=\"367\" \/>\n\t<meta property=\"og:image:type\" content=\"image\/jpeg\" \/>\n<meta name=\"twitter:card\" content=\"summary_large_image\" \/>\n<meta name=\"twitter:label1\" content=\"Est. reading time\" \/>\n\t<meta name=\"twitter:data1\" content=\"1 Minute\" \/>\n<script type=\"application\/ld+json\" class=\"yoast-schema-graph\">{\"@context\":\"https:\\\/\\\/schema.org\",\"@graph\":[{\"@type\":\"WebPage\",\"@id\":\"https:\\\/\\\/www.rosenborgs.se\\\/de\\\/veranstaltungsraume\\\/\",\"url\":\"https:\\\/\\\/www.rosenborgs.se\\\/de\\\/veranstaltungsraume\\\/\",\"name\":\"Veranstaltungsr\u00e4ume - Rosenborgs Friluftspensionat\",\"isPartOf\":{\"@id\":\"https:\\\/\\\/www.rosenborgs.se\\\/de\\\/#website\"},\"primaryImageOfPage\":{\"@id\":\"https:\\\/\\\/www.rosenborgs.se\\\/de\\\/veranstaltungsraume\\\/#primaryimage\"},\"image\":{\"@id\":\"https:\\\/\\\/www.rosenborgs.se\\\/de\\\/veranstaltungsraume\\\/#primaryimage\"},\"thumbnailUrl\":\"https:\\\/\\\/www.rosenborgs.se\\\/wp-content\\\/uploads\\\/2015\\\/11\\\/fest.jpg\",\"datePublished\":\"2013-01-26T16:30:56+00:00\",\"dateModified\":\"2015-11-14T07:23:29+00:00\",\"description\":\"Wir organisieren Ihr Fest gemeinsam mit Ihnen! Wir haben einzigartige und gem\u00fctliche Veranstaltungsr\u00e4ume, Sie haben Ihre Tr\u00e4ume und Ideen. Wir haben 38\",\"breadcrumb\":{\"@id\":\"https:\\\/\\\/www.rosenborgs.se\\\/de\\\/veranstaltungsraume\\\/#breadcrumb\"},\"inLanguage\":\"de-DE\",\"potentialAction\":[{\"@type\":\"ReadAction\",\"target\":[\"https:\\\/\\\/www.rosenborgs.se\\\/de\\\/veranstaltungsraume\\\/\"]}]},{\"@type\":\"ImageObject\",\"inLanguage\":\"de-DE\",\"@id\":\"https:\\\/\\\/www.rosenborgs.se\\\/de\\\/veranstaltungsraume\\\/#primaryimage\",\"url\":\"https:\\\/\\\/www.rosenborgs.se\\\/wp-content\\\/uploads\\\/2015\\\/11\\\/fest.jpg\",\"contentUrl\":\"https:\\\/\\\/www.rosenborgs.se\\\/wp-content\\\/uploads\\\/2015\\\/11\\\/fest.jpg\",\"width\":960,\"height\":367},{\"@type\":\"BreadcrumbList\",\"@id\":\"https:\\\/\\\/www.rosenborgs.se\\\/de\\\/veranstaltungsraume\\\/#breadcrumb\",\"itemListElement\":[{\"@type\":\"ListItem\",\"position\":1,\"name\":\"Home\",\"item\":\"https:\\\/\\\/www.rosenborgs.se\\\/de\\\/\"},{\"@type\":\"ListItem\",\"position\":2,\"name\":\"Veranstaltungsr\u00e4ume\"}]},{\"@type\":\"WebSite\",\"@id\":\"https:\\\/\\\/www.rosenborgs.se\\\/de\\\/#website\",\"url\":\"https:\\\/\\\/www.rosenborgs.se\\\/de\\\/\",\"name\":\"Rosenborgs Friluftspensionat\",\"description\":\"En till WordPress-webbplats\",\"potentialAction\":[{\"@type\":\"SearchAction\",\"target\":{\"@type\":\"EntryPoint\",\"urlTemplate\":\"https:\\\/\\\/www.rosenborgs.se\\\/de\\\/?s={search_term_string}\"},\"query-input\":{\"@type\":\"PropertyValueSpecification\",\"valueRequired\":true,\"valueName\":\"search_term_string\"}}],\"inLanguage\":\"de-DE\"}]}<\/script>\n<!-- \/ Yoast SEO plugin. -->","yoast_head_json":{"title":"Veranstaltungsr\u00e4ume - Rosenborgs Friluftspensionat","description":"Wir organisieren Ihr Fest gemeinsam mit Ihnen! Wir haben einzigartige und gem\u00fctliche Veranstaltungsr\u00e4ume, Sie haben Ihre Tr\u00e4ume und Ideen. Wir haben 38","robots":{"index":"index","follow":"follow","max-snippet":"max-snippet:-1","max-image-preview":"max-image-preview:large","max-video-preview":"max-video-preview:-1"},"canonical":"https:\/\/www.rosenborgs.se\/de\/veranstaltungsraume\/","og_locale":"de_DE","og_type":"article","og_title":"Veranstaltungsr\u00e4ume - Rosenborgs Friluftspensionat","og_description":"Wir organisieren Ihr Fest gemeinsam mit Ihnen! Wir haben einzigartige und gem\u00fctliche Veranstaltungsr\u00e4ume, Sie haben Ihre Tr\u00e4ume und Ideen. Wir haben 38","og_url":"https:\/\/www.rosenborgs.se\/de\/veranstaltungsraume\/","og_site_name":"Rosenborgs Friluftspensionat","article_modified_time":"2015-11-14T07:23:29+00:00","og_image":[{"width":960,"height":367,"url":"https:\/\/www.rosenborgs.se\/wp-content\/uploads\/2015\/11\/fest.jpg","type":"image\/jpeg"}],"twitter_card":"summary_large_image","twitter_misc":{"Est. reading time":"1 Minute"},"schema":{"@context":"https:\/\/schema.org","@graph":[{"@type":"WebPage","@id":"https:\/\/www.rosenborgs.se\/de\/veranstaltungsraume\/","url":"https:\/\/www.rosenborgs.se\/de\/veranstaltungsraume\/","name":"Veranstaltungsr\u00e4ume - Rosenborgs Friluftspensionat","isPartOf":{"@id":"https:\/\/www.rosenborgs.se\/de\/#website"},"primaryImageOfPage":{"@id":"https:\/\/www.rosenborgs.se\/de\/veranstaltungsraume\/#primaryimage"},"image":{"@id":"https:\/\/www.rosenborgs.se\/de\/veranstaltungsraume\/#primaryimage"},"thumbnailUrl":"https:\/\/www.rosenborgs.se\/wp-content\/uploads\/2015\/11\/fest.jpg","datePublished":"2013-01-26T16:30:56+00:00","dateModified":"2015-11-14T07:23:29+00:00","description":"Wir organisieren Ihr Fest gemeinsam mit Ihnen! Wir haben einzigartige und gem\u00fctliche Veranstaltungsr\u00e4ume, Sie haben Ihre Tr\u00e4ume und Ideen. Wir haben 38","breadcrumb":{"@id":"https:\/\/www.rosenborgs.se\/de\/veranstaltungsraume\/#breadcrumb"},"inLanguage":"de-DE","potentialAction":[{"@type":"ReadAction","target":["https:\/\/www.rosenborgs.se\/de\/veranstaltungsraume\/"]}]},{"@type":"ImageObject","inLanguage":"de-DE","@id":"https:\/\/www.rosenborgs.se\/de\/veranstaltungsraume\/#primaryimage","url":"https:\/\/www.rosenborgs.se\/wp-content\/uploads\/2015\/11\/fest.jpg","contentUrl":"https:\/\/www.rosenborgs.se\/wp-content\/uploads\/2015\/11\/fest.jpg","width":960,"height":367},{"@type":"BreadcrumbList","@id":"https:\/\/www.rosenborgs.se\/de\/veranstaltungsraume\/#breadcrumb","itemListElement":[{"@type":"ListItem","position":1,"name":"Home","item":"https:\/\/www.rosenborgs.se\/de\/"},{"@type":"ListItem","position":2,"name":"Veranstaltungsr\u00e4ume"}]},{"@type":"WebSite","@id":"https:\/\/www.rosenborgs.se\/de\/#website","url":"https:\/\/www.rosenborgs.se\/de\/","name":"Rosenborgs Friluftspensionat","description":"En till WordPress-webbplats","potentialAction":[{"@type":"SearchAction","target":{"@type":"EntryPoint","urlTemplate":"https:\/\/www.rosenborgs.se\/de\/?s={search_term_string}"},"query-input":{"@type":"PropertyValueSpecification","valueRequired":true,"valueName":"search_term_string"}}],"inLanguage":"de-DE"}]}},"_links":{"self":[{"href":"https:\/\/www.rosenborgs.se\/de\/wp-json\/wp\/v2\/pages\/249","targetHints":{"allow":["GET"]}}],"collection":[{"href":"https:\/\/www.rosenborgs.se\/de\/wp-json\/wp\/v2\/pages"}],"about":[{"href":"https:\/\/www.rosenborgs.se\/de\/wp-json\/wp\/v2\/types\/page"}],"author":[{"embeddable":true,"href":"https:\/\/www.rosenborgs.se\/de\/wp-json\/wp\/v2\/users\/3"}],"replies":[{"embeddable":true,"href":"https:\/\/www.rosenborgs.se\/de\/wp-json\/wp\/v2\/comments?post=249"}],"version-history":[{"count":0,"href":"https:\/\/www.rosenborgs.se\/de\/wp-json\/wp\/v2\/pages\/249\/revisions"}],"wp:featuredmedia":[{"embeddable":true,"href":"https:\/\/www.rosenborgs.se\/de\/wp-json\/wp\/v2\/media\/710"}],"wp:attachment":[{"href":"https:\/\/www.rosenborgs.se\/de\/wp-json\/wp\/v2\/media?parent=249"}],"curies":[{"name":"wp","href":"https:\/\/api.w.org\/{rel}","templated":true}]}}