{"id":248,"date":"2013-01-26T17:29:36","date_gmt":"2013-01-26T16:29:36","guid":{"rendered":"https:\/\/rosenborgsse.wpengine.com\/_ny\/?page_id=248"},"modified":"2019-03-04T21:25:00","modified_gmt":"2019-03-04T20:25:00","slug":"tageskonferenzen","status":"publish","type":"page","link":"https:\/\/www.rosenborgs.se\/de\/tageskonferenzen\/","title":{"rendered":"Tageskonferenzen"},"content":{"rendered":"<p>Wir bieten Unternehmen und Vereinen eine nette und preiswerte Konferenzalternative.<\/p>\n<p>Die Konferenzteilnehmer haben das Friluftspensionat ganz f\u00fcr sich allein. Der Vorlesungsraum ist sehr sch\u00f6n und hat Platz f\u00fcr circa 35 Teilnehmer.<\/p>\n<p>Kostenvoranschlag f\u00fcr eine Tageskonferenz mit\u00a0<span style=\"text-decoration: underline;\">10<\/span>\u00a0Teilnehmern inklusive Vormittageskaffe, Mittagsessen mit Kaffe sowie Nachmittagskaffe, ungef\u00e4hr 345 Kronen plus Mehrwertsteuer\/Person.<\/p>\n","protected":false},"excerpt":{"rendered":"<p>Wir bieten Unternehmen und Vereinen eine nette und preiswerte Konferenzalternative. Die Konferenzteilnehmer haben das Friluftspensionat ganz f\u00fcr sich allein. Der Vorlesungsraum ist sehr sch\u00f6n und hat Platz f\u00fcr circa 35 Teilnehmer. Kostenvoranschlag f\u00fcr eine Tageskonferenz mit\u00a010\u00a0Teilnehmern inklusive Vormittageskaffe, Mittagsessen mit Kaffe sowie Nachmittagskaffe, ungef\u00e4hr 345 Kronen plus Mehrwertsteuer\/Person.<\/p>\n","protected":false},"author":3,"featured_media":634,"parent":0,"menu_order":0,"comment_status":"open","ping_status":"open","template":"","meta":{"_monsterinsights_skip_tracking":false,"_monsterinsights_sitenote_active":false,"_monsterinsights_sitenote_note":"","_monsterinsights_sitenote_category":0,"footnotes":""},"class_list":["post-248","page","type-page","status-publish","has-post-thumbnail","hentry"],"yoast_head":"<!-- This site is optimized with the Yoast SEO plugin v27.4 - https:\/\/yoast.com\/product\/yoast-seo-wordpress\/ -->\n<title>Tageskonferenzen - Rosenborgs Friluftspensionat<\/title>\n<meta name=\"description\" content=\"Wir bieten Unternehmen und Vereinen eine nette und preiswerte Konferenzalternative. Die Konferenzteilnehmer haben das Friluftspensionat ganz f\u00fcr sich\" \/>\n<meta name=\"robots\" content=\"index, follow, max-snippet:-1, max-image-preview:large, max-video-preview:-1\" \/>\n<link rel=\"canonical\" href=\"https:\/\/www.rosenborgs.se\/de\/tageskonferenzen\/\" \/>\n<meta property=\"og:locale\" content=\"de_DE\" \/>\n<meta property=\"og:type\" content=\"article\" \/>\n<meta property=\"og:title\" content=\"Tageskonferenzen - Rosenborgs Friluftspensionat\" \/>\n<meta property=\"og:description\" content=\"Wir bieten Unternehmen und Vereinen eine nette und preiswerte Konferenzalternative. Die Konferenzteilnehmer haben das Friluftspensionat ganz f\u00fcr sich\" \/>\n<meta property=\"og:url\" content=\"https:\/\/www.rosenborgs.se\/de\/tageskonferenzen\/\" \/>\n<meta property=\"og:site_name\" content=\"Rosenborgs Friluftspensionat\" \/>\n<meta property=\"article:modified_time\" content=\"2019-03-04T20:25:00+00:00\" \/>\n<meta property=\"og:image\" content=\"https:\/\/www.rosenborgs.se\/wp-content\/uploads\/2015\/05\/konferens.jpg\" \/>\n\t<meta property=\"og:image:width\" content=\"1024\" \/>\n\t<meta property=\"og:image:height\" content=\"325\" \/>\n\t<meta property=\"og:image:type\" content=\"image\/jpeg\" \/>\n<meta name=\"twitter:card\" content=\"summary_large_image\" \/>\n<script type=\"application\/ld+json\" class=\"yoast-schema-graph\">{\"@context\":\"https:\\\/\\\/schema.org\",\"@graph\":[{\"@type\":\"WebPage\",\"@id\":\"https:\\\/\\\/www.rosenborgs.se\\\/de\\\/tageskonferenzen\\\/\",\"url\":\"https:\\\/\\\/www.rosenborgs.se\\\/de\\\/tageskonferenzen\\\/\",\"name\":\"Tageskonferenzen - Rosenborgs Friluftspensionat\",\"isPartOf\":{\"@id\":\"https:\\\/\\\/www.rosenborgs.se\\\/de\\\/#website\"},\"primaryImageOfPage\":{\"@id\":\"https:\\\/\\\/www.rosenborgs.se\\\/de\\\/tageskonferenzen\\\/#primaryimage\"},\"image\":{\"@id\":\"https:\\\/\\\/www.rosenborgs.se\\\/de\\\/tageskonferenzen\\\/#primaryimage\"},\"thumbnailUrl\":\"https:\\\/\\\/www.rosenborgs.se\\\/wp-content\\\/uploads\\\/2015\\\/05\\\/konferens.jpg\",\"datePublished\":\"2013-01-26T16:29:36+00:00\",\"dateModified\":\"2019-03-04T20:25:00+00:00\",\"description\":\"Wir bieten Unternehmen und Vereinen eine nette und preiswerte Konferenzalternative. Die Konferenzteilnehmer haben das Friluftspensionat ganz f\u00fcr sich\",\"breadcrumb\":{\"@id\":\"https:\\\/\\\/www.rosenborgs.se\\\/de\\\/tageskonferenzen\\\/#breadcrumb\"},\"inLanguage\":\"de-DE\",\"potentialAction\":[{\"@type\":\"ReadAction\",\"target\":[\"https:\\\/\\\/www.rosenborgs.se\\\/de\\\/tageskonferenzen\\\/\"]}]},{\"@type\":\"ImageObject\",\"inLanguage\":\"de-DE\",\"@id\":\"https:\\\/\\\/www.rosenborgs.se\\\/de\\\/tageskonferenzen\\\/#primaryimage\",\"url\":\"https:\\\/\\\/www.rosenborgs.se\\\/wp-content\\\/uploads\\\/2015\\\/05\\\/konferens.jpg\",\"contentUrl\":\"https:\\\/\\\/www.rosenborgs.se\\\/wp-content\\\/uploads\\\/2015\\\/05\\\/konferens.jpg\",\"width\":1024,\"height\":325},{\"@type\":\"BreadcrumbList\",\"@id\":\"https:\\\/\\\/www.rosenborgs.se\\\/de\\\/tageskonferenzen\\\/#breadcrumb\",\"itemListElement\":[{\"@type\":\"ListItem\",\"position\":1,\"name\":\"Home\",\"item\":\"https:\\\/\\\/www.rosenborgs.se\\\/de\\\/\"},{\"@type\":\"ListItem\",\"position\":2,\"name\":\"Tageskonferenzen\"}]},{\"@type\":\"WebSite\",\"@id\":\"https:\\\/\\\/www.rosenborgs.se\\\/de\\\/#website\",\"url\":\"https:\\\/\\\/www.rosenborgs.se\\\/de\\\/\",\"name\":\"Rosenborgs Friluftspensionat\",\"description\":\"En till WordPress-webbplats\",\"potentialAction\":[{\"@type\":\"SearchAction\",\"target\":{\"@type\":\"EntryPoint\",\"urlTemplate\":\"https:\\\/\\\/www.rosenborgs.se\\\/de\\\/?s={search_term_string}\"},\"query-input\":{\"@type\":\"PropertyValueSpecification\",\"valueRequired\":true,\"valueName\":\"search_term_string\"}}],\"inLanguage\":\"de-DE\"}]}<\/script>\n<!-- \/ Yoast SEO plugin. -->","yoast_head_json":{"title":"Tageskonferenzen - Rosenborgs Friluftspensionat","description":"Wir bieten Unternehmen und Vereinen eine nette und preiswerte Konferenzalternative. Die Konferenzteilnehmer haben das Friluftspensionat ganz f\u00fcr sich","robots":{"index":"index","follow":"follow","max-snippet":"max-snippet:-1","max-image-preview":"max-image-preview:large","max-video-preview":"max-video-preview:-1"},"canonical":"https:\/\/www.rosenborgs.se\/de\/tageskonferenzen\/","og_locale":"de_DE","og_type":"article","og_title":"Tageskonferenzen - Rosenborgs Friluftspensionat","og_description":"Wir bieten Unternehmen und Vereinen eine nette und preiswerte Konferenzalternative. Die Konferenzteilnehmer haben das Friluftspensionat ganz f\u00fcr sich","og_url":"https:\/\/www.rosenborgs.se\/de\/tageskonferenzen\/","og_site_name":"Rosenborgs Friluftspensionat","article_modified_time":"2019-03-04T20:25:00+00:00","og_image":[{"width":1024,"height":325,"url":"https:\/\/www.rosenborgs.se\/wp-content\/uploads\/2015\/05\/konferens.jpg","type":"image\/jpeg"}],"twitter_card":"summary_large_image","schema":{"@context":"https:\/\/schema.org","@graph":[{"@type":"WebPage","@id":"https:\/\/www.rosenborgs.se\/de\/tageskonferenzen\/","url":"https:\/\/www.rosenborgs.se\/de\/tageskonferenzen\/","name":"Tageskonferenzen - Rosenborgs Friluftspensionat","isPartOf":{"@id":"https:\/\/www.rosenborgs.se\/de\/#website"},"primaryImageOfPage":{"@id":"https:\/\/www.rosenborgs.se\/de\/tageskonferenzen\/#primaryimage"},"image":{"@id":"https:\/\/www.rosenborgs.se\/de\/tageskonferenzen\/#primaryimage"},"thumbnailUrl":"https:\/\/www.rosenborgs.se\/wp-content\/uploads\/2015\/05\/konferens.jpg","datePublished":"2013-01-26T16:29:36+00:00","dateModified":"2019-03-04T20:25:00+00:00","description":"Wir bieten Unternehmen und Vereinen eine nette und preiswerte Konferenzalternative. Die Konferenzteilnehmer haben das Friluftspensionat ganz f\u00fcr sich","breadcrumb":{"@id":"https:\/\/www.rosenborgs.se\/de\/tageskonferenzen\/#breadcrumb"},"inLanguage":"de-DE","potentialAction":[{"@type":"ReadAction","target":["https:\/\/www.rosenborgs.se\/de\/tageskonferenzen\/"]}]},{"@type":"ImageObject","inLanguage":"de-DE","@id":"https:\/\/www.rosenborgs.se\/de\/tageskonferenzen\/#primaryimage","url":"https:\/\/www.rosenborgs.se\/wp-content\/uploads\/2015\/05\/konferens.jpg","contentUrl":"https:\/\/www.rosenborgs.se\/wp-content\/uploads\/2015\/05\/konferens.jpg","width":1024,"height":325},{"@type":"BreadcrumbList","@id":"https:\/\/www.rosenborgs.se\/de\/tageskonferenzen\/#breadcrumb","itemListElement":[{"@type":"ListItem","position":1,"name":"Home","item":"https:\/\/www.rosenborgs.se\/de\/"},{"@type":"ListItem","position":2,"name":"Tageskonferenzen"}]},{"@type":"WebSite","@id":"https:\/\/www.rosenborgs.se\/de\/#website","url":"https:\/\/www.rosenborgs.se\/de\/","name":"Rosenborgs Friluftspensionat","description":"En till WordPress-webbplats","potentialAction":[{"@type":"SearchAction","target":{"@type":"EntryPoint","urlTemplate":"https:\/\/www.rosenborgs.se\/de\/?s={search_term_string}"},"query-input":{"@type":"PropertyValueSpecification","valueRequired":true,"valueName":"search_term_string"}}],"inLanguage":"de-DE"}]}},"_links":{"self":[{"href":"https:\/\/www.rosenborgs.se\/de\/wp-json\/wp\/v2\/pages\/248","targetHints":{"allow":["GET"]}}],"collection":[{"href":"https:\/\/www.rosenborgs.se\/de\/wp-json\/wp\/v2\/pages"}],"about":[{"href":"https:\/\/www.rosenborgs.se\/de\/wp-json\/wp\/v2\/types\/page"}],"author":[{"embeddable":true,"href":"https:\/\/www.rosenborgs.se\/de\/wp-json\/wp\/v2\/users\/3"}],"replies":[{"embeddable":true,"href":"https:\/\/www.rosenborgs.se\/de\/wp-json\/wp\/v2\/comments?post=248"}],"version-history":[{"count":0,"href":"https:\/\/www.rosenborgs.se\/de\/wp-json\/wp\/v2\/pages\/248\/revisions"}],"wp:featuredmedia":[{"embeddable":true,"href":"https:\/\/www.rosenborgs.se\/de\/wp-json\/wp\/v2\/media\/634"}],"wp:attachment":[{"href":"https:\/\/www.rosenborgs.se\/de\/wp-json\/wp\/v2\/media?parent=248"}],"curies":[{"name":"wp","href":"https:\/\/api.w.org\/{rel}","templated":true}]}}