{"id":246,"date":"2013-01-26T17:28:01","date_gmt":"2013-01-26T16:28:01","guid":{"rendered":"https:\/\/rosenborgsse.wpengine.com\/_ny\/?page_id=246"},"modified":"2015-05-23T12:14:41","modified_gmt":"2015-05-23T10:14:41","slug":"urlaub-im-friluftspensionat","status":"publish","type":"page","link":"https:\/\/www.rosenborgs.se\/de\/urlaub-im-friluftspensionat\/","title":{"rendered":"Urlaub im Friluftspensionat"},"content":{"rendered":"<p>In unserem\u00a0 sch\u00f6nem Bauernhof haben wir ein Friluftspensionat gegr\u00fcndet, f\u00fcr alle die Urlaub auf \u00d6land machen wollen und nach einer besonderen Unterkunft suchen. Es gibt viele Bed and Breakfast, Hotels, Pensionen oder Jugendherbergen auf \u00d6land, aber nur ein Friluftspensionat! Wir hoffen, dass Ihnen diese Art des Urlaubs gef\u00e4llt! Wir haben ein Restaurant, ein Caf\u00e9, phantastische Veranstaltungsr\u00e4ume, neugebaute Konferenzr\u00e4ume und bieten ausserdem\u00a0 Naturf\u00fchrungen an.<\/p>\n<p>W\u00e4hrend die Autos auf der Hauptstrasse 136 in Richtung Borgholm vorbeirasen, finden unsere Besucher bei uns ganz in der N\u00e4he Ruhe und Stille. Nur 11 Kilometer von der \u00d6landsbr\u00fccke entfernt, hinter Algutsrum und Jordtorp, liegt das kleine Idyll Rosenborg. Die letzten drei Kilometer zu uns fahren Sie auf einem sch\u00f6nen alten Kiesweg. Dann sind sie bei uns in Rosenborgs Friluftspensionat angekommen.<\/p>\n<p>Die schwedische Zeitung Aftonbladet hat nach unserem ersten Sommer einen Artikel \u00fcber uns geschrieben, wenn Sie Schwedisch k\u00f6nnen und interessiert sind, k\u00f6nnen Sie ihn unter diesem Link finden:<\/p>\n<p><a href=\"http:\/\/www.aftonbladet.se\/resa\/resmal\/norden\/sverige\/article3451013.ab\" target=\"_blank\">http:\/\/www.aftonbladet.se\/resa\/resmal\/norden\/sverige\/article3451013.ab<\/a><\/p>\n<p><strong>Willkommen zu einem Urlaub in der schwedischen Natur<\/strong><\/p>\n","protected":false},"excerpt":{"rendered":"<p>In unserem\u00a0 sch\u00f6nem Bauernhof haben wir ein Friluftspensionat gegr\u00fcndet, f\u00fcr alle die Urlaub auf \u00d6land machen wollen und nach einer besonderen Unterkunft suchen. Es gibt viele Bed and Breakfast, Hotels, Pensionen oder Jugendherbergen auf \u00d6land, aber nur ein Friluftspensionat! Wir hoffen, dass Ihnen diese Art des Urlaubs gef\u00e4llt! Wir haben ein Restaurant, ein Caf\u00e9, phantastische [&hellip;]<\/p>\n","protected":false},"author":3,"featured_media":203,"parent":0,"menu_order":0,"comment_status":"open","ping_status":"open","template":"","meta":{"_monsterinsights_skip_tracking":false,"_monsterinsights_sitenote_active":false,"_monsterinsights_sitenote_note":"","_monsterinsights_sitenote_category":0,"footnotes":""},"class_list":["post-246","page","type-page","status-publish","has-post-thumbnail","hentry"],"yoast_head":"<!-- This site is optimized with the Yoast SEO plugin v27.5 - https:\/\/yoast.com\/product\/yoast-seo-wordpress\/ -->\n<title>Urlaub im Friluftspensionat - Rosenborgs Friluftspensionat<\/title>\n<meta name=\"description\" content=\"In unserem\u00a0 sch\u00f6nem Bauernhof haben wir ein Friluftspensionat gegr\u00fcndet, f\u00fcr alle die Urlaub auf \u00d6land machen wollen und nach einer besonderen Unterkunft\" \/>\n<meta name=\"robots\" content=\"index, follow, max-snippet:-1, max-image-preview:large, max-video-preview:-1\" \/>\n<link rel=\"canonical\" href=\"https:\/\/www.rosenborgs.se\/de\/urlaub-im-friluftspensionat\/\" \/>\n<meta property=\"og:locale\" content=\"de_DE\" \/>\n<meta property=\"og:type\" content=\"article\" \/>\n<meta property=\"og:title\" content=\"Urlaub im Friluftspensionat - Rosenborgs Friluftspensionat\" \/>\n<meta property=\"og:description\" content=\"In unserem\u00a0 sch\u00f6nem Bauernhof haben wir ein Friluftspensionat gegr\u00fcndet, f\u00fcr alle die Urlaub auf \u00d6land machen wollen und nach einer besonderen Unterkunft\" \/>\n<meta property=\"og:url\" content=\"https:\/\/www.rosenborgs.se\/de\/urlaub-im-friluftspensionat\/\" \/>\n<meta property=\"og:site_name\" content=\"Rosenborgs Friluftspensionat\" \/>\n<meta property=\"article:modified_time\" content=\"2015-05-23T10:14:41+00:00\" \/>\n<meta property=\"og:image\" content=\"https:\/\/www.rosenborgs.se\/wp-content\/uploads\/2013\/01\/pensionat-blocket-024-e1358614325916.jpg\" \/>\n\t<meta property=\"og:image:width\" content=\"2048\" \/>\n\t<meta property=\"og:image:height\" content=\"537\" \/>\n\t<meta property=\"og:image:type\" content=\"image\/jpeg\" \/>\n<meta name=\"twitter:card\" content=\"summary_large_image\" \/>\n<meta name=\"twitter:label1\" content=\"Est. reading time\" \/>\n\t<meta name=\"twitter:data1\" content=\"1 Minute\" \/>\n<script type=\"application\/ld+json\" class=\"yoast-schema-graph\">{\"@context\":\"https:\\\/\\\/schema.org\",\"@graph\":[{\"@type\":\"WebPage\",\"@id\":\"https:\\\/\\\/www.rosenborgs.se\\\/de\\\/urlaub-im-friluftspensionat\\\/\",\"url\":\"https:\\\/\\\/www.rosenborgs.se\\\/de\\\/urlaub-im-friluftspensionat\\\/\",\"name\":\"Urlaub im Friluftspensionat - Rosenborgs Friluftspensionat\",\"isPartOf\":{\"@id\":\"https:\\\/\\\/www.rosenborgs.se\\\/de\\\/#website\"},\"primaryImageOfPage\":{\"@id\":\"https:\\\/\\\/www.rosenborgs.se\\\/de\\\/urlaub-im-friluftspensionat\\\/#primaryimage\"},\"image\":{\"@id\":\"https:\\\/\\\/www.rosenborgs.se\\\/de\\\/urlaub-im-friluftspensionat\\\/#primaryimage\"},\"thumbnailUrl\":\"https:\\\/\\\/www.rosenborgs.se\\\/wp-content\\\/uploads\\\/2013\\\/01\\\/pensionat-blocket-024-e1358614325916.jpg\",\"datePublished\":\"2013-01-26T16:28:01+00:00\",\"dateModified\":\"2015-05-23T10:14:41+00:00\",\"description\":\"In unserem\u00a0 sch\u00f6nem Bauernhof haben wir ein Friluftspensionat gegr\u00fcndet, f\u00fcr alle die Urlaub auf \u00d6land machen wollen und nach einer besonderen Unterkunft\",\"breadcrumb\":{\"@id\":\"https:\\\/\\\/www.rosenborgs.se\\\/de\\\/urlaub-im-friluftspensionat\\\/#breadcrumb\"},\"inLanguage\":\"de-DE\",\"potentialAction\":[{\"@type\":\"ReadAction\",\"target\":[\"https:\\\/\\\/www.rosenborgs.se\\\/de\\\/urlaub-im-friluftspensionat\\\/\"]}]},{\"@type\":\"ImageObject\",\"inLanguage\":\"de-DE\",\"@id\":\"https:\\\/\\\/www.rosenborgs.se\\\/de\\\/urlaub-im-friluftspensionat\\\/#primaryimage\",\"url\":\"https:\\\/\\\/www.rosenborgs.se\\\/wp-content\\\/uploads\\\/2013\\\/01\\\/pensionat-blocket-024-e1358614325916.jpg\",\"contentUrl\":\"https:\\\/\\\/www.rosenborgs.se\\\/wp-content\\\/uploads\\\/2013\\\/01\\\/pensionat-blocket-024-e1358614325916.jpg\",\"width\":2048,\"height\":537},{\"@type\":\"BreadcrumbList\",\"@id\":\"https:\\\/\\\/www.rosenborgs.se\\\/de\\\/urlaub-im-friluftspensionat\\\/#breadcrumb\",\"itemListElement\":[{\"@type\":\"ListItem\",\"position\":1,\"name\":\"Home\",\"item\":\"https:\\\/\\\/www.rosenborgs.se\\\/de\\\/\"},{\"@type\":\"ListItem\",\"position\":2,\"name\":\"Urlaub im Friluftspensionat\"}]},{\"@type\":\"WebSite\",\"@id\":\"https:\\\/\\\/www.rosenborgs.se\\\/de\\\/#website\",\"url\":\"https:\\\/\\\/www.rosenborgs.se\\\/de\\\/\",\"name\":\"Rosenborgs Friluftspensionat\",\"description\":\"En till WordPress-webbplats\",\"potentialAction\":[{\"@type\":\"SearchAction\",\"target\":{\"@type\":\"EntryPoint\",\"urlTemplate\":\"https:\\\/\\\/www.rosenborgs.se\\\/de\\\/?s={search_term_string}\"},\"query-input\":{\"@type\":\"PropertyValueSpecification\",\"valueRequired\":true,\"valueName\":\"search_term_string\"}}],\"inLanguage\":\"de-DE\"}]}<\/script>\n<!-- \/ Yoast SEO plugin. -->","yoast_head_json":{"title":"Urlaub im Friluftspensionat - Rosenborgs Friluftspensionat","description":"In unserem\u00a0 sch\u00f6nem Bauernhof haben wir ein Friluftspensionat gegr\u00fcndet, f\u00fcr alle die Urlaub auf \u00d6land machen wollen und nach einer besonderen Unterkunft","robots":{"index":"index","follow":"follow","max-snippet":"max-snippet:-1","max-image-preview":"max-image-preview:large","max-video-preview":"max-video-preview:-1"},"canonical":"https:\/\/www.rosenborgs.se\/de\/urlaub-im-friluftspensionat\/","og_locale":"de_DE","og_type":"article","og_title":"Urlaub im Friluftspensionat - Rosenborgs Friluftspensionat","og_description":"In unserem\u00a0 sch\u00f6nem Bauernhof haben wir ein Friluftspensionat gegr\u00fcndet, f\u00fcr alle die Urlaub auf \u00d6land machen wollen und nach einer besonderen Unterkunft","og_url":"https:\/\/www.rosenborgs.se\/de\/urlaub-im-friluftspensionat\/","og_site_name":"Rosenborgs Friluftspensionat","article_modified_time":"2015-05-23T10:14:41+00:00","og_image":[{"width":2048,"height":537,"url":"https:\/\/www.rosenborgs.se\/wp-content\/uploads\/2013\/01\/pensionat-blocket-024-e1358614325916.jpg","type":"image\/jpeg"}],"twitter_card":"summary_large_image","twitter_misc":{"Est. reading time":"1 Minute"},"schema":{"@context":"https:\/\/schema.org","@graph":[{"@type":"WebPage","@id":"https:\/\/www.rosenborgs.se\/de\/urlaub-im-friluftspensionat\/","url":"https:\/\/www.rosenborgs.se\/de\/urlaub-im-friluftspensionat\/","name":"Urlaub im Friluftspensionat - Rosenborgs Friluftspensionat","isPartOf":{"@id":"https:\/\/www.rosenborgs.se\/de\/#website"},"primaryImageOfPage":{"@id":"https:\/\/www.rosenborgs.se\/de\/urlaub-im-friluftspensionat\/#primaryimage"},"image":{"@id":"https:\/\/www.rosenborgs.se\/de\/urlaub-im-friluftspensionat\/#primaryimage"},"thumbnailUrl":"https:\/\/www.rosenborgs.se\/wp-content\/uploads\/2013\/01\/pensionat-blocket-024-e1358614325916.jpg","datePublished":"2013-01-26T16:28:01+00:00","dateModified":"2015-05-23T10:14:41+00:00","description":"In unserem\u00a0 sch\u00f6nem Bauernhof haben wir ein Friluftspensionat gegr\u00fcndet, f\u00fcr alle die Urlaub auf \u00d6land machen wollen und nach einer besonderen Unterkunft","breadcrumb":{"@id":"https:\/\/www.rosenborgs.se\/de\/urlaub-im-friluftspensionat\/#breadcrumb"},"inLanguage":"de-DE","potentialAction":[{"@type":"ReadAction","target":["https:\/\/www.rosenborgs.se\/de\/urlaub-im-friluftspensionat\/"]}]},{"@type":"ImageObject","inLanguage":"de-DE","@id":"https:\/\/www.rosenborgs.se\/de\/urlaub-im-friluftspensionat\/#primaryimage","url":"https:\/\/www.rosenborgs.se\/wp-content\/uploads\/2013\/01\/pensionat-blocket-024-e1358614325916.jpg","contentUrl":"https:\/\/www.rosenborgs.se\/wp-content\/uploads\/2013\/01\/pensionat-blocket-024-e1358614325916.jpg","width":2048,"height":537},{"@type":"BreadcrumbList","@id":"https:\/\/www.rosenborgs.se\/de\/urlaub-im-friluftspensionat\/#breadcrumb","itemListElement":[{"@type":"ListItem","position":1,"name":"Home","item":"https:\/\/www.rosenborgs.se\/de\/"},{"@type":"ListItem","position":2,"name":"Urlaub im Friluftspensionat"}]},{"@type":"WebSite","@id":"https:\/\/www.rosenborgs.se\/de\/#website","url":"https:\/\/www.rosenborgs.se\/de\/","name":"Rosenborgs Friluftspensionat","description":"En till WordPress-webbplats","potentialAction":[{"@type":"SearchAction","target":{"@type":"EntryPoint","urlTemplate":"https:\/\/www.rosenborgs.se\/de\/?s={search_term_string}"},"query-input":{"@type":"PropertyValueSpecification","valueRequired":true,"valueName":"search_term_string"}}],"inLanguage":"de-DE"}]}},"_links":{"self":[{"href":"https:\/\/www.rosenborgs.se\/de\/wp-json\/wp\/v2\/pages\/246","targetHints":{"allow":["GET"]}}],"collection":[{"href":"https:\/\/www.rosenborgs.se\/de\/wp-json\/wp\/v2\/pages"}],"about":[{"href":"https:\/\/www.rosenborgs.se\/de\/wp-json\/wp\/v2\/types\/page"}],"author":[{"embeddable":true,"href":"https:\/\/www.rosenborgs.se\/de\/wp-json\/wp\/v2\/users\/3"}],"replies":[{"embeddable":true,"href":"https:\/\/www.rosenborgs.se\/de\/wp-json\/wp\/v2\/comments?post=246"}],"version-history":[{"count":0,"href":"https:\/\/www.rosenborgs.se\/de\/wp-json\/wp\/v2\/pages\/246\/revisions"}],"wp:featuredmedia":[{"embeddable":true,"href":"https:\/\/www.rosenborgs.se\/de\/wp-json\/wp\/v2\/media\/203"}],"wp:attachment":[{"href":"https:\/\/www.rosenborgs.se\/de\/wp-json\/wp\/v2\/media?parent=246"}],"curies":[{"name":"wp","href":"https:\/\/api.w.org\/{rel}","templated":true}]}}