{"id":244,"date":"2013-01-26T16:02:15","date_gmt":"2013-01-26T15:02:15","guid":{"rendered":"https:\/\/rosenborgsse.wpengine.com\/_ny\/?page_id=244"},"modified":"2025-12-15T10:35:27","modified_gmt":"2025-12-15T09:35:27","slug":"unterkunft-im-familienzimmer","status":"publish","type":"page","link":"https:\/\/www.rosenborgs.se\/de\/unterkunft-im-familienzimmer\/","title":{"rendered":"Unterkunft im Familienzimmer"},"content":{"rendered":"<p>Wenn Sie ein Familienzimmer buchen wollen, haben wir drei unterschiedliche Alternativen.<\/p>\n<p>Im Obergeschoss gibt es ein Familienzimmer mit vier Betten, das sich Dusche und Toiletten mit den anderen Doppelzimmern teilt. Das Vierbettzimmer kostet ab 1610 Kronen pro Nacht.<\/p>\n<p>Wir haben auch zwei gr\u00f6ssere Familienzimmer mit eigener Dusche und Toilette, die ebenerdig liegen und behindertengerecht sind.<\/p>\n<p>Das Familienzimmer mit sechs Betten kostet ab 2330 Kronen.<\/p>\n<p>Das Familienzimmer mit acht Betten kostet ab 2910 Kronen.<\/p>\n<p>Bettw\u00e4sche und Fr\u00fchst\u00fcck sind im Preis enthalten.<\/p>\n<p>Fr\u00fchst\u00fcck gibt es zwischen 8 und 9 Uhr<\/p>\n<p>Wollen Sie sehen, was w\u00e4hrend Ihres Aufenthaltes bei uns passiert, schauen Sie inden Kalender in dem rechten Men\u00fc.<\/p>\n","protected":false},"excerpt":{"rendered":"<p>Wenn Sie ein Familienzimmer buchen wollen, haben wir drei unterschiedliche Alternativen. Im Obergeschoss gibt es ein Familienzimmer mit vier Betten, das sich Dusche und Toiletten mit den anderen Doppelzimmern teilt. Das Vierbettzimmer kostet ab 1610 Kronen pro Nacht. Wir haben auch zwei gr\u00f6ssere Familienzimmer mit eigener Dusche und Toilette, die ebenerdig liegen und behindertengerecht sind. [&hellip;]<\/p>\n","protected":false},"author":3,"featured_media":1034,"parent":0,"menu_order":0,"comment_status":"open","ping_status":"closed","template":"","meta":{"_monsterinsights_skip_tracking":false,"_monsterinsights_sitenote_active":false,"_monsterinsights_sitenote_note":"","_monsterinsights_sitenote_category":0,"footnotes":""},"class_list":["post-244","page","type-page","status-publish","has-post-thumbnail","hentry"],"yoast_head":"<!-- This site is optimized with the Yoast SEO plugin v27.3 - https:\/\/yoast.com\/product\/yoast-seo-wordpress\/ -->\n<title>Unterkunft im Familienzimmer - Rosenborgs Friluftspensionat<\/title>\n<meta name=\"description\" content=\"Wenn Sie ein Familienzimmer buchen wollen, haben wir drei unterschiedliche Alternativen. Im Obergeschoss gibt es ein Familienzimmer mit vier Betten, das\" \/>\n<meta name=\"robots\" content=\"index, follow, max-snippet:-1, max-image-preview:large, max-video-preview:-1\" \/>\n<link rel=\"canonical\" href=\"https:\/\/www.rosenborgs.se\/de\/unterkunft-im-familienzimmer\/\" \/>\n<meta property=\"og:locale\" content=\"de_DE\" \/>\n<meta property=\"og:type\" content=\"article\" \/>\n<meta property=\"og:title\" content=\"Unterkunft im Familienzimmer - Rosenborgs Friluftspensionat\" \/>\n<meta property=\"og:description\" content=\"Wenn Sie ein Familienzimmer buchen wollen, haben wir drei unterschiedliche Alternativen. Im Obergeschoss gibt es ein Familienzimmer mit vier Betten, das\" \/>\n<meta property=\"og:url\" content=\"https:\/\/www.rosenborgs.se\/de\/unterkunft-im-familienzimmer\/\" \/>\n<meta property=\"og:site_name\" content=\"Rosenborgs Friluftspensionat\" \/>\n<meta property=\"article:modified_time\" content=\"2025-12-15T09:35:27+00:00\" \/>\n<meta property=\"og:image\" content=\"https:\/\/www.rosenborgs.se\/wp-content\/uploads\/2015\/11\/DSC_2214-l\u00e5ng.jpg\" \/>\n\t<meta property=\"og:image:width\" content=\"1024\" \/>\n\t<meta property=\"og:image:height\" content=\"285\" \/>\n\t<meta property=\"og:image:type\" content=\"image\/jpeg\" \/>\n<meta name=\"twitter:card\" content=\"summary_large_image\" \/>\n<meta name=\"twitter:label1\" content=\"Est. reading time\" \/>\n\t<meta name=\"twitter:data1\" content=\"1 Minute\" \/>\n<script type=\"application\/ld+json\" class=\"yoast-schema-graph\">{\"@context\":\"https:\\\/\\\/schema.org\",\"@graph\":[{\"@type\":\"WebPage\",\"@id\":\"https:\\\/\\\/www.rosenborgs.se\\\/de\\\/unterkunft-im-familienzimmer\\\/\",\"url\":\"https:\\\/\\\/www.rosenborgs.se\\\/de\\\/unterkunft-im-familienzimmer\\\/\",\"name\":\"Unterkunft im Familienzimmer - Rosenborgs Friluftspensionat\",\"isPartOf\":{\"@id\":\"https:\\\/\\\/www.rosenborgs.se\\\/de\\\/#website\"},\"primaryImageOfPage\":{\"@id\":\"https:\\\/\\\/www.rosenborgs.se\\\/de\\\/unterkunft-im-familienzimmer\\\/#primaryimage\"},\"image\":{\"@id\":\"https:\\\/\\\/www.rosenborgs.se\\\/de\\\/unterkunft-im-familienzimmer\\\/#primaryimage\"},\"thumbnailUrl\":\"https:\\\/\\\/www.rosenborgs.se\\\/wp-content\\\/uploads\\\/2015\\\/11\\\/DSC_2214-l\u00e5ng.jpg\",\"datePublished\":\"2013-01-26T15:02:15+00:00\",\"dateModified\":\"2025-12-15T09:35:27+00:00\",\"description\":\"Wenn Sie ein Familienzimmer buchen wollen, haben wir drei unterschiedliche Alternativen. Im Obergeschoss gibt es ein Familienzimmer mit vier Betten, das\",\"breadcrumb\":{\"@id\":\"https:\\\/\\\/www.rosenborgs.se\\\/de\\\/unterkunft-im-familienzimmer\\\/#breadcrumb\"},\"inLanguage\":\"de-DE\",\"potentialAction\":[{\"@type\":\"ReadAction\",\"target\":[\"https:\\\/\\\/www.rosenborgs.se\\\/de\\\/unterkunft-im-familienzimmer\\\/\"]}]},{\"@type\":\"ImageObject\",\"inLanguage\":\"de-DE\",\"@id\":\"https:\\\/\\\/www.rosenborgs.se\\\/de\\\/unterkunft-im-familienzimmer\\\/#primaryimage\",\"url\":\"https:\\\/\\\/www.rosenborgs.se\\\/wp-content\\\/uploads\\\/2015\\\/11\\\/DSC_2214-l\u00e5ng.jpg\",\"contentUrl\":\"https:\\\/\\\/www.rosenborgs.se\\\/wp-content\\\/uploads\\\/2015\\\/11\\\/DSC_2214-l\u00e5ng.jpg\",\"width\":1024,\"height\":285},{\"@type\":\"BreadcrumbList\",\"@id\":\"https:\\\/\\\/www.rosenborgs.se\\\/de\\\/unterkunft-im-familienzimmer\\\/#breadcrumb\",\"itemListElement\":[{\"@type\":\"ListItem\",\"position\":1,\"name\":\"Home\",\"item\":\"https:\\\/\\\/www.rosenborgs.se\\\/de\\\/\"},{\"@type\":\"ListItem\",\"position\":2,\"name\":\"Unterkunft im Familienzimmer\"}]},{\"@type\":\"WebSite\",\"@id\":\"https:\\\/\\\/www.rosenborgs.se\\\/de\\\/#website\",\"url\":\"https:\\\/\\\/www.rosenborgs.se\\\/de\\\/\",\"name\":\"Rosenborgs Friluftspensionat\",\"description\":\"En till WordPress-webbplats\",\"potentialAction\":[{\"@type\":\"SearchAction\",\"target\":{\"@type\":\"EntryPoint\",\"urlTemplate\":\"https:\\\/\\\/www.rosenborgs.se\\\/de\\\/?s={search_term_string}\"},\"query-input\":{\"@type\":\"PropertyValueSpecification\",\"valueRequired\":true,\"valueName\":\"search_term_string\"}}],\"inLanguage\":\"de-DE\"}]}<\/script>\n<!-- \/ Yoast SEO plugin. -->","yoast_head_json":{"title":"Unterkunft im Familienzimmer - Rosenborgs Friluftspensionat","description":"Wenn Sie ein Familienzimmer buchen wollen, haben wir drei unterschiedliche Alternativen. Im Obergeschoss gibt es ein Familienzimmer mit vier Betten, das","robots":{"index":"index","follow":"follow","max-snippet":"max-snippet:-1","max-image-preview":"max-image-preview:large","max-video-preview":"max-video-preview:-1"},"canonical":"https:\/\/www.rosenborgs.se\/de\/unterkunft-im-familienzimmer\/","og_locale":"de_DE","og_type":"article","og_title":"Unterkunft im Familienzimmer - Rosenborgs Friluftspensionat","og_description":"Wenn Sie ein Familienzimmer buchen wollen, haben wir drei unterschiedliche Alternativen. Im Obergeschoss gibt es ein Familienzimmer mit vier Betten, das","og_url":"https:\/\/www.rosenborgs.se\/de\/unterkunft-im-familienzimmer\/","og_site_name":"Rosenborgs Friluftspensionat","article_modified_time":"2025-12-15T09:35:27+00:00","og_image":[{"width":1024,"height":285,"url":"https:\/\/www.rosenborgs.se\/wp-content\/uploads\/2015\/11\/DSC_2214-l\u00e5ng.jpg","type":"image\/jpeg"}],"twitter_card":"summary_large_image","twitter_misc":{"Est. reading time":"1 Minute"},"schema":{"@context":"https:\/\/schema.org","@graph":[{"@type":"WebPage","@id":"https:\/\/www.rosenborgs.se\/de\/unterkunft-im-familienzimmer\/","url":"https:\/\/www.rosenborgs.se\/de\/unterkunft-im-familienzimmer\/","name":"Unterkunft im Familienzimmer - Rosenborgs Friluftspensionat","isPartOf":{"@id":"https:\/\/www.rosenborgs.se\/de\/#website"},"primaryImageOfPage":{"@id":"https:\/\/www.rosenborgs.se\/de\/unterkunft-im-familienzimmer\/#primaryimage"},"image":{"@id":"https:\/\/www.rosenborgs.se\/de\/unterkunft-im-familienzimmer\/#primaryimage"},"thumbnailUrl":"https:\/\/www.rosenborgs.se\/wp-content\/uploads\/2015\/11\/DSC_2214-l\u00e5ng.jpg","datePublished":"2013-01-26T15:02:15+00:00","dateModified":"2025-12-15T09:35:27+00:00","description":"Wenn Sie ein Familienzimmer buchen wollen, haben wir drei unterschiedliche Alternativen. Im Obergeschoss gibt es ein Familienzimmer mit vier Betten, das","breadcrumb":{"@id":"https:\/\/www.rosenborgs.se\/de\/unterkunft-im-familienzimmer\/#breadcrumb"},"inLanguage":"de-DE","potentialAction":[{"@type":"ReadAction","target":["https:\/\/www.rosenborgs.se\/de\/unterkunft-im-familienzimmer\/"]}]},{"@type":"ImageObject","inLanguage":"de-DE","@id":"https:\/\/www.rosenborgs.se\/de\/unterkunft-im-familienzimmer\/#primaryimage","url":"https:\/\/www.rosenborgs.se\/wp-content\/uploads\/2015\/11\/DSC_2214-l\u00e5ng.jpg","contentUrl":"https:\/\/www.rosenborgs.se\/wp-content\/uploads\/2015\/11\/DSC_2214-l\u00e5ng.jpg","width":1024,"height":285},{"@type":"BreadcrumbList","@id":"https:\/\/www.rosenborgs.se\/de\/unterkunft-im-familienzimmer\/#breadcrumb","itemListElement":[{"@type":"ListItem","position":1,"name":"Home","item":"https:\/\/www.rosenborgs.se\/de\/"},{"@type":"ListItem","position":2,"name":"Unterkunft im Familienzimmer"}]},{"@type":"WebSite","@id":"https:\/\/www.rosenborgs.se\/de\/#website","url":"https:\/\/www.rosenborgs.se\/de\/","name":"Rosenborgs Friluftspensionat","description":"En till WordPress-webbplats","potentialAction":[{"@type":"SearchAction","target":{"@type":"EntryPoint","urlTemplate":"https:\/\/www.rosenborgs.se\/de\/?s={search_term_string}"},"query-input":{"@type":"PropertyValueSpecification","valueRequired":true,"valueName":"search_term_string"}}],"inLanguage":"de-DE"}]}},"_links":{"self":[{"href":"https:\/\/www.rosenborgs.se\/de\/wp-json\/wp\/v2\/pages\/244","targetHints":{"allow":["GET"]}}],"collection":[{"href":"https:\/\/www.rosenborgs.se\/de\/wp-json\/wp\/v2\/pages"}],"about":[{"href":"https:\/\/www.rosenborgs.se\/de\/wp-json\/wp\/v2\/types\/page"}],"author":[{"embeddable":true,"href":"https:\/\/www.rosenborgs.se\/de\/wp-json\/wp\/v2\/users\/3"}],"replies":[{"embeddable":true,"href":"https:\/\/www.rosenborgs.se\/de\/wp-json\/wp\/v2\/comments?post=244"}],"version-history":[{"count":0,"href":"https:\/\/www.rosenborgs.se\/de\/wp-json\/wp\/v2\/pages\/244\/revisions"}],"wp:featuredmedia":[{"embeddable":true,"href":"https:\/\/www.rosenborgs.se\/de\/wp-json\/wp\/v2\/media\/1034"}],"wp:attachment":[{"href":"https:\/\/www.rosenborgs.se\/de\/wp-json\/wp\/v2\/media?parent=244"}],"curies":[{"name":"wp","href":"https:\/\/api.w.org\/{rel}","templated":true}]}}