{"id":242,"date":"2013-01-26T16:01:42","date_gmt":"2013-01-26T15:01:42","guid":{"rendered":"https:\/\/rosenborgsse.wpengine.com\/_ny\/?page_id=242"},"modified":"2025-12-15T10:33:48","modified_gmt":"2025-12-15T09:33:48","slug":"unterkunft-im-doppelzimmer","status":"publish","type":"page","link":"https:\/\/www.rosenborgs.se\/de\/unterkunft-im-doppelzimmer\/","title":{"rendered":"Unterkunft im Doppelzimmer"},"content":{"rendered":"<p>Wenn Sie ein Doppelzimmer bei uns buchen m\u00f6chten, haben wir davon f\u00fcnf St\u00fcck zur Auswahl. Die Doppelzimmer liegen im ersten Stock des Hauptgeb\u00e4udes und haben grosse herrliche Fenster zur S\u00fcdseite. Die Zimmer teilen sich insgesamt vier Toiletten mit Dusche. In allen Doppelzimmern ist es m\u00f6glich, gegen 320 Kronen noch ein Extrabett ins Zimmer zu stellen.<\/p>\n<p>Bettw\u00e4sche und Fr\u00fchst\u00fcck sind im Preis enthalten.<\/p>\n<p>Fr\u00fchst\u00fcck gibt es zwischen 8 und 9 Uhr.<br \/>\nEin Doppelzimmer kostet 1020 Kronen.<br \/>\nEin einzelner Gast im Doppelzimmer kostet 710 Kronen.<\/p>\n<p>Wollen Sie sehen, was w\u00e4hrend Ihres Aufenthaltes bei uns passiert? Im rechten Men\u00fc sehen Sie unseren Kalender!<\/p>\n","protected":false},"excerpt":{"rendered":"<p>Wenn Sie ein Doppelzimmer bei uns buchen m\u00f6chten, haben wir davon f\u00fcnf St\u00fcck zur Auswahl. Die Doppelzimmer liegen im ersten Stock des Hauptgeb\u00e4udes und haben grosse herrliche Fenster zur S\u00fcdseite. Die Zimmer teilen sich insgesamt vier Toiletten mit Dusche. In allen Doppelzimmern ist es m\u00f6glich, gegen 320 Kronen noch ein Extrabett ins Zimmer zu stellen. [&hellip;]<\/p>\n","protected":false},"author":3,"featured_media":697,"parent":0,"menu_order":0,"comment_status":"open","ping_status":"closed","template":"","meta":{"_monsterinsights_skip_tracking":false,"_monsterinsights_sitenote_active":false,"_monsterinsights_sitenote_note":"","_monsterinsights_sitenote_category":0,"footnotes":""},"class_list":["post-242","page","type-page","status-publish","has-post-thumbnail","hentry"],"yoast_head":"<!-- This site is optimized with the Yoast SEO plugin v27.5 - https:\/\/yoast.com\/product\/yoast-seo-wordpress\/ -->\n<title>Unterkunft im Doppelzimmer - Rosenborgs Friluftspensionat<\/title>\n<meta name=\"description\" content=\"Wenn Sie ein Doppelzimmer bei uns buchen m\u00f6chten, haben wir davon f\u00fcnf St\u00fcck zur Auswahl. Die Doppelzimmer liegen im ersten Stock des Hauptgeb\u00e4udes und\" \/>\n<meta name=\"robots\" content=\"index, follow, max-snippet:-1, max-image-preview:large, max-video-preview:-1\" \/>\n<link rel=\"canonical\" href=\"https:\/\/www.rosenborgs.se\/de\/unterkunft-im-doppelzimmer\/\" \/>\n<meta property=\"og:locale\" content=\"de_DE\" \/>\n<meta property=\"og:type\" content=\"article\" \/>\n<meta property=\"og:title\" content=\"Unterkunft im Doppelzimmer - Rosenborgs Friluftspensionat\" \/>\n<meta property=\"og:description\" content=\"Wenn Sie ein Doppelzimmer bei uns buchen m\u00f6chten, haben wir davon f\u00fcnf St\u00fcck zur Auswahl. Die Doppelzimmer liegen im ersten Stock des Hauptgeb\u00e4udes und\" \/>\n<meta property=\"og:url\" content=\"https:\/\/www.rosenborgs.se\/de\/unterkunft-im-doppelzimmer\/\" \/>\n<meta property=\"og:site_name\" content=\"Rosenborgs Friluftspensionat\" \/>\n<meta property=\"article:modified_time\" content=\"2025-12-15T09:33:48+00:00\" \/>\n<meta property=\"og:image\" content=\"https:\/\/www.rosenborgs.se\/wp-content\/uploads\/2015\/11\/DSC_2248.jpg\" \/>\n\t<meta property=\"og:image:width\" content=\"1024\" \/>\n\t<meta property=\"og:image:height\" content=\"364\" \/>\n\t<meta property=\"og:image:type\" content=\"image\/jpeg\" \/>\n<meta name=\"twitter:card\" content=\"summary_large_image\" \/>\n<meta name=\"twitter:label1\" content=\"Est. reading time\" \/>\n\t<meta name=\"twitter:data1\" content=\"1 Minute\" \/>\n<script type=\"application\/ld+json\" class=\"yoast-schema-graph\">{\"@context\":\"https:\\\/\\\/schema.org\",\"@graph\":[{\"@type\":\"WebPage\",\"@id\":\"https:\\\/\\\/www.rosenborgs.se\\\/de\\\/unterkunft-im-doppelzimmer\\\/\",\"url\":\"https:\\\/\\\/www.rosenborgs.se\\\/de\\\/unterkunft-im-doppelzimmer\\\/\",\"name\":\"Unterkunft im Doppelzimmer - Rosenborgs Friluftspensionat\",\"isPartOf\":{\"@id\":\"https:\\\/\\\/www.rosenborgs.se\\\/de\\\/#website\"},\"primaryImageOfPage\":{\"@id\":\"https:\\\/\\\/www.rosenborgs.se\\\/de\\\/unterkunft-im-doppelzimmer\\\/#primaryimage\"},\"image\":{\"@id\":\"https:\\\/\\\/www.rosenborgs.se\\\/de\\\/unterkunft-im-doppelzimmer\\\/#primaryimage\"},\"thumbnailUrl\":\"https:\\\/\\\/www.rosenborgs.se\\\/wp-content\\\/uploads\\\/2015\\\/11\\\/DSC_2248.jpg\",\"datePublished\":\"2013-01-26T15:01:42+00:00\",\"dateModified\":\"2025-12-15T09:33:48+00:00\",\"description\":\"Wenn Sie ein Doppelzimmer bei uns buchen m\u00f6chten, haben wir davon f\u00fcnf St\u00fcck zur Auswahl. Die Doppelzimmer liegen im ersten Stock des Hauptgeb\u00e4udes und\",\"breadcrumb\":{\"@id\":\"https:\\\/\\\/www.rosenborgs.se\\\/de\\\/unterkunft-im-doppelzimmer\\\/#breadcrumb\"},\"inLanguage\":\"de-DE\",\"potentialAction\":[{\"@type\":\"ReadAction\",\"target\":[\"https:\\\/\\\/www.rosenborgs.se\\\/de\\\/unterkunft-im-doppelzimmer\\\/\"]}]},{\"@type\":\"ImageObject\",\"inLanguage\":\"de-DE\",\"@id\":\"https:\\\/\\\/www.rosenborgs.se\\\/de\\\/unterkunft-im-doppelzimmer\\\/#primaryimage\",\"url\":\"https:\\\/\\\/www.rosenborgs.se\\\/wp-content\\\/uploads\\\/2015\\\/11\\\/DSC_2248.jpg\",\"contentUrl\":\"https:\\\/\\\/www.rosenborgs.se\\\/wp-content\\\/uploads\\\/2015\\\/11\\\/DSC_2248.jpg\",\"width\":1024,\"height\":364},{\"@type\":\"BreadcrumbList\",\"@id\":\"https:\\\/\\\/www.rosenborgs.se\\\/de\\\/unterkunft-im-doppelzimmer\\\/#breadcrumb\",\"itemListElement\":[{\"@type\":\"ListItem\",\"position\":1,\"name\":\"Home\",\"item\":\"https:\\\/\\\/www.rosenborgs.se\\\/de\\\/\"},{\"@type\":\"ListItem\",\"position\":2,\"name\":\"Unterkunft im Doppelzimmer\"}]},{\"@type\":\"WebSite\",\"@id\":\"https:\\\/\\\/www.rosenborgs.se\\\/de\\\/#website\",\"url\":\"https:\\\/\\\/www.rosenborgs.se\\\/de\\\/\",\"name\":\"Rosenborgs Friluftspensionat\",\"description\":\"En till WordPress-webbplats\",\"potentialAction\":[{\"@type\":\"SearchAction\",\"target\":{\"@type\":\"EntryPoint\",\"urlTemplate\":\"https:\\\/\\\/www.rosenborgs.se\\\/de\\\/?s={search_term_string}\"},\"query-input\":{\"@type\":\"PropertyValueSpecification\",\"valueRequired\":true,\"valueName\":\"search_term_string\"}}],\"inLanguage\":\"de-DE\"}]}<\/script>\n<!-- \/ Yoast SEO plugin. -->","yoast_head_json":{"title":"Unterkunft im Doppelzimmer - Rosenborgs Friluftspensionat","description":"Wenn Sie ein Doppelzimmer bei uns buchen m\u00f6chten, haben wir davon f\u00fcnf St\u00fcck zur Auswahl. Die Doppelzimmer liegen im ersten Stock des Hauptgeb\u00e4udes und","robots":{"index":"index","follow":"follow","max-snippet":"max-snippet:-1","max-image-preview":"max-image-preview:large","max-video-preview":"max-video-preview:-1"},"canonical":"https:\/\/www.rosenborgs.se\/de\/unterkunft-im-doppelzimmer\/","og_locale":"de_DE","og_type":"article","og_title":"Unterkunft im Doppelzimmer - Rosenborgs Friluftspensionat","og_description":"Wenn Sie ein Doppelzimmer bei uns buchen m\u00f6chten, haben wir davon f\u00fcnf St\u00fcck zur Auswahl. Die Doppelzimmer liegen im ersten Stock des Hauptgeb\u00e4udes und","og_url":"https:\/\/www.rosenborgs.se\/de\/unterkunft-im-doppelzimmer\/","og_site_name":"Rosenborgs Friluftspensionat","article_modified_time":"2025-12-15T09:33:48+00:00","og_image":[{"width":1024,"height":364,"url":"https:\/\/www.rosenborgs.se\/wp-content\/uploads\/2015\/11\/DSC_2248.jpg","type":"image\/jpeg"}],"twitter_card":"summary_large_image","twitter_misc":{"Est. reading time":"1 Minute"},"schema":{"@context":"https:\/\/schema.org","@graph":[{"@type":"WebPage","@id":"https:\/\/www.rosenborgs.se\/de\/unterkunft-im-doppelzimmer\/","url":"https:\/\/www.rosenborgs.se\/de\/unterkunft-im-doppelzimmer\/","name":"Unterkunft im Doppelzimmer - Rosenborgs Friluftspensionat","isPartOf":{"@id":"https:\/\/www.rosenborgs.se\/de\/#website"},"primaryImageOfPage":{"@id":"https:\/\/www.rosenborgs.se\/de\/unterkunft-im-doppelzimmer\/#primaryimage"},"image":{"@id":"https:\/\/www.rosenborgs.se\/de\/unterkunft-im-doppelzimmer\/#primaryimage"},"thumbnailUrl":"https:\/\/www.rosenborgs.se\/wp-content\/uploads\/2015\/11\/DSC_2248.jpg","datePublished":"2013-01-26T15:01:42+00:00","dateModified":"2025-12-15T09:33:48+00:00","description":"Wenn Sie ein Doppelzimmer bei uns buchen m\u00f6chten, haben wir davon f\u00fcnf St\u00fcck zur Auswahl. Die Doppelzimmer liegen im ersten Stock des Hauptgeb\u00e4udes und","breadcrumb":{"@id":"https:\/\/www.rosenborgs.se\/de\/unterkunft-im-doppelzimmer\/#breadcrumb"},"inLanguage":"de-DE","potentialAction":[{"@type":"ReadAction","target":["https:\/\/www.rosenborgs.se\/de\/unterkunft-im-doppelzimmer\/"]}]},{"@type":"ImageObject","inLanguage":"de-DE","@id":"https:\/\/www.rosenborgs.se\/de\/unterkunft-im-doppelzimmer\/#primaryimage","url":"https:\/\/www.rosenborgs.se\/wp-content\/uploads\/2015\/11\/DSC_2248.jpg","contentUrl":"https:\/\/www.rosenborgs.se\/wp-content\/uploads\/2015\/11\/DSC_2248.jpg","width":1024,"height":364},{"@type":"BreadcrumbList","@id":"https:\/\/www.rosenborgs.se\/de\/unterkunft-im-doppelzimmer\/#breadcrumb","itemListElement":[{"@type":"ListItem","position":1,"name":"Home","item":"https:\/\/www.rosenborgs.se\/de\/"},{"@type":"ListItem","position":2,"name":"Unterkunft im Doppelzimmer"}]},{"@type":"WebSite","@id":"https:\/\/www.rosenborgs.se\/de\/#website","url":"https:\/\/www.rosenborgs.se\/de\/","name":"Rosenborgs Friluftspensionat","description":"En till WordPress-webbplats","potentialAction":[{"@type":"SearchAction","target":{"@type":"EntryPoint","urlTemplate":"https:\/\/www.rosenborgs.se\/de\/?s={search_term_string}"},"query-input":{"@type":"PropertyValueSpecification","valueRequired":true,"valueName":"search_term_string"}}],"inLanguage":"de-DE"}]}},"_links":{"self":[{"href":"https:\/\/www.rosenborgs.se\/de\/wp-json\/wp\/v2\/pages\/242","targetHints":{"allow":["GET"]}}],"collection":[{"href":"https:\/\/www.rosenborgs.se\/de\/wp-json\/wp\/v2\/pages"}],"about":[{"href":"https:\/\/www.rosenborgs.se\/de\/wp-json\/wp\/v2\/types\/page"}],"author":[{"embeddable":true,"href":"https:\/\/www.rosenborgs.se\/de\/wp-json\/wp\/v2\/users\/3"}],"replies":[{"embeddable":true,"href":"https:\/\/www.rosenborgs.se\/de\/wp-json\/wp\/v2\/comments?post=242"}],"version-history":[{"count":0,"href":"https:\/\/www.rosenborgs.se\/de\/wp-json\/wp\/v2\/pages\/242\/revisions"}],"wp:featuredmedia":[{"embeddable":true,"href":"https:\/\/www.rosenborgs.se\/de\/wp-json\/wp\/v2\/media\/697"}],"wp:attachment":[{"href":"https:\/\/www.rosenborgs.se\/de\/wp-json\/wp\/v2\/media?parent=242"}],"curies":[{"name":"wp","href":"https:\/\/api.w.org\/{rel}","templated":true}]}}